{"id":1621,"date":"2025-08-15T09:35:56","date_gmt":"2025-08-15T13:35:56","guid":{"rendered":"https:\/\/web.uri.edu\/cfrp\/?page_id=1621"},"modified":"2025-08-15T09:35:56","modified_gmt":"2025-08-15T13:35:56","slug":"espanol","status":"publish","type":"page","link":"https:\/\/web.uri.edu\/cfrp\/espanol\/","title":{"rendered":"Espa\u00f1ol"},"content":{"rendered":"\n<p>La naloxona (Narcan\u00ae) es un medicamento que puede revertir una sobredosis provocada por una droga opioide. Puede completar el curso en diez minutos de aprendizaje interactivo, todo desde la comodidad de su hogar y recibir su propio estuche de naloxona por correo.<\/p>\n\n\n<ul class=\"display-posts-listing\"><li class=\"listing-item\"><a class=\"image\" href=\"https:\/\/rise.articulate.com\/share\/MCVnag1wNogukwiLmptYTxiIUuMpHLYx\"><img loading=\"lazy\" decoding=\"async\" width=\"300\" height=\"121\" src=\"https:\/\/web.uri.edu\/cfrp\/wp-content\/uploads\/sites\/1661\/narcan3-1-300x121.jpg\" class=\"attachment-medium size-medium wp-post-image\" alt=\"\" srcset=\"https:\/\/web.uri.edu\/cfrp\/wp-content\/uploads\/sites\/1661\/narcan3-1-300x121.jpg 300w, https:\/\/web.uri.edu\/cfrp\/wp-content\/uploads\/sites\/1661\/narcan3-1-1024x412.jpg 1024w, https:\/\/web.uri.edu\/cfrp\/wp-content\/uploads\/sites\/1661\/narcan3-1-768x309.jpg 768w, https:\/\/web.uri.edu\/cfrp\/wp-content\/uploads\/sites\/1661\/narcan3-1-1536x617.jpg 1536w, https:\/\/web.uri.edu\/cfrp\/wp-content\/uploads\/sites\/1661\/narcan3-1-364x146.jpg 364w, https:\/\/web.uri.edu\/cfrp\/wp-content\/uploads\/sites\/1661\/narcan3-1-500x201.jpg 500w, https:\/\/web.uri.edu\/cfrp\/wp-content\/uploads\/sites\/1661\/narcan3-1-1000x402.jpg 1000w, https:\/\/web.uri.edu\/cfrp\/wp-content\/uploads\/sites\/1661\/narcan3-1-1280x515.jpg 1280w, https:\/\/web.uri.edu\/cfrp\/wp-content\/uploads\/sites\/1661\/narcan3-1-e1605625509266.jpg 1500w\" sizes=\"auto, (max-width: 300px) 100vw, 300px\" \/><\/a> <a class=\"title\" href=\"https:\/\/rise.articulate.com\/share\/MCVnag1wNogukwiLmptYTxiIUuMpHLYx\">Curso de Naloxona: \u00bfQu\u00e9 aumenta el riesgo de una persona sufrir una sobredosis de opioides y como puedes salvarlo?<\/a> <span class=\"excerpt-dash\">-<\/span> <span class=\"excerpt\">Obtenga la certificaci\u00f3n de Primeros Respondedores de la Comunidad y reciba por correo un estuche de Naloxona gratis para la reducci\u00f3n de da\u00f1os.<\/span><\/li><li class=\"listing-item\"><a class=\"image\" href=\"https:\/\/rise.articulate.com\/share\/hnpPg_hvsGwLQ03tDOHvQPSrNGwIY1Hv\"><img loading=\"lazy\" decoding=\"async\" width=\"300\" height=\"119\" src=\"https:\/\/web.uri.edu\/cfrp\/wp-content\/uploads\/sites\/1661\/why-do-people-misuse-drugs-300x119.jpg\" class=\"attachment-medium size-medium wp-post-image\" alt=\"\" srcset=\"https:\/\/web.uri.edu\/cfrp\/wp-content\/uploads\/sites\/1661\/why-do-people-misuse-drugs-300x119.jpg 300w, https:\/\/web.uri.edu\/cfrp\/wp-content\/uploads\/sites\/1661\/why-do-people-misuse-drugs-1024x405.jpg 1024w, https:\/\/web.uri.edu\/cfrp\/wp-content\/uploads\/sites\/1661\/why-do-people-misuse-drugs-768x304.jpg 768w, https:\/\/web.uri.edu\/cfrp\/wp-content\/uploads\/sites\/1661\/why-do-people-misuse-drugs-1536x608.jpg 1536w, https:\/\/web.uri.edu\/cfrp\/wp-content\/uploads\/sites\/1661\/why-do-people-misuse-drugs-364x144.jpg 364w, https:\/\/web.uri.edu\/cfrp\/wp-content\/uploads\/sites\/1661\/why-do-people-misuse-drugs-500x198.jpg 500w, https:\/\/web.uri.edu\/cfrp\/wp-content\/uploads\/sites\/1661\/why-do-people-misuse-drugs-1000x396.jpg 1000w, https:\/\/web.uri.edu\/cfrp\/wp-content\/uploads\/sites\/1661\/why-do-people-misuse-drugs-1280x507.jpg 1280w, https:\/\/web.uri.edu\/cfrp\/wp-content\/uploads\/sites\/1661\/why-do-people-misuse-drugs.jpg 1680w\" sizes=\"auto, (max-width: 300px) 100vw, 300px\" \/><\/a> <a class=\"title\" href=\"https:\/\/rise.articulate.com\/share\/hnpPg_hvsGwLQ03tDOHvQPSrNGwIY1Hv\">\u00bfPor qu\u00e9 el indebido uso de las drogas?<\/a> <span class=\"excerpt-dash\">-<\/span> <span class=\"excerpt\">Para apreciar completamente el alcance de la epidemia de opioides, debemos comprender c\u00f3mo funcionan estos medicamentos en el cuerpo y pueden conducir a la adicci\u00f3n.<\/span><\/li><li class=\"listing-item\"><a class=\"image\" href=\"https:\/\/rise.articulate.com\/share\/KKBkHaLX-eYWfh9_ONKFVXIIAooU4t9X\"><img loading=\"lazy\" decoding=\"async\" width=\"300\" height=\"119\" src=\"https:\/\/web.uri.edu\/cfrp\/wp-content\/uploads\/sites\/1661\/what-is-the-difference-between-opioid-dependence-and-addiction-300x119.jpg\" class=\"attachment-medium size-medium wp-post-image\" alt=\"\" srcset=\"https:\/\/web.uri.edu\/cfrp\/wp-content\/uploads\/sites\/1661\/what-is-the-difference-between-opioid-dependence-and-addiction-300x119.jpg 300w, https:\/\/web.uri.edu\/cfrp\/wp-content\/uploads\/sites\/1661\/what-is-the-difference-between-opioid-dependence-and-addiction-1024x405.jpg 1024w, https:\/\/web.uri.edu\/cfrp\/wp-content\/uploads\/sites\/1661\/what-is-the-difference-between-opioid-dependence-and-addiction-768x304.jpg 768w, https:\/\/web.uri.edu\/cfrp\/wp-content\/uploads\/sites\/1661\/what-is-the-difference-between-opioid-dependence-and-addiction-1536x608.jpg 1536w, https:\/\/web.uri.edu\/cfrp\/wp-content\/uploads\/sites\/1661\/what-is-the-difference-between-opioid-dependence-and-addiction-364x144.jpg 364w, https:\/\/web.uri.edu\/cfrp\/wp-content\/uploads\/sites\/1661\/what-is-the-difference-between-opioid-dependence-and-addiction-500x198.jpg 500w, https:\/\/web.uri.edu\/cfrp\/wp-content\/uploads\/sites\/1661\/what-is-the-difference-between-opioid-dependence-and-addiction-1000x396.jpg 1000w, https:\/\/web.uri.edu\/cfrp\/wp-content\/uploads\/sites\/1661\/what-is-the-difference-between-opioid-dependence-and-addiction-1280x507.jpg 1280w, https:\/\/web.uri.edu\/cfrp\/wp-content\/uploads\/sites\/1661\/what-is-the-difference-between-opioid-dependence-and-addiction.jpg 1680w\" sizes=\"auto, (max-width: 300px) 100vw, 300px\" \/><\/a> <a class=\"title\" href=\"https:\/\/rise.articulate.com\/share\/KKBkHaLX-eYWfh9_ONKFVXIIAooU4t9X\">\u00bfCu\u00e1l es la diferencia entre dependencia de opioides y adicci\u00f3n?<\/a> <span class=\"excerpt-dash\">-<\/span> <span class=\"excerpt\">Comprender las principales diferencias entre el uso indebido de opioides, la dependencia de opioides y la adicci\u00f3n.<\/span><\/li><li class=\"listing-item\"><a class=\"image\" href=\"https:\/\/rise.articulate.com\/share\/CancDhnHeDa--yF2pbzK9W1ecMDTE02O\"><img loading=\"lazy\" decoding=\"async\" width=\"300\" height=\"119\" src=\"https:\/\/web.uri.edu\/cfrp\/wp-content\/uploads\/sites\/1661\/how-did-we-get-here-background-on-the-opioid-epidemic-300x119.jpg\" class=\"attachment-medium size-medium wp-post-image\" alt=\"how-did-we-get-here-background-on-the-opioid-epidemic\" srcset=\"https:\/\/web.uri.edu\/cfrp\/wp-content\/uploads\/sites\/1661\/how-did-we-get-here-background-on-the-opioid-epidemic-300x119.jpg 300w, https:\/\/web.uri.edu\/cfrp\/wp-content\/uploads\/sites\/1661\/how-did-we-get-here-background-on-the-opioid-epidemic-1024x405.jpg 1024w, https:\/\/web.uri.edu\/cfrp\/wp-content\/uploads\/sites\/1661\/how-did-we-get-here-background-on-the-opioid-epidemic-768x304.jpg 768w, https:\/\/web.uri.edu\/cfrp\/wp-content\/uploads\/sites\/1661\/how-did-we-get-here-background-on-the-opioid-epidemic-1536x608.jpg 1536w, https:\/\/web.uri.edu\/cfrp\/wp-content\/uploads\/sites\/1661\/how-did-we-get-here-background-on-the-opioid-epidemic-364x144.jpg 364w, https:\/\/web.uri.edu\/cfrp\/wp-content\/uploads\/sites\/1661\/how-did-we-get-here-background-on-the-opioid-epidemic-500x198.jpg 500w, https:\/\/web.uri.edu\/cfrp\/wp-content\/uploads\/sites\/1661\/how-did-we-get-here-background-on-the-opioid-epidemic-1000x396.jpg 1000w, https:\/\/web.uri.edu\/cfrp\/wp-content\/uploads\/sites\/1661\/how-did-we-get-here-background-on-the-opioid-epidemic-1280x507.jpg 1280w, https:\/\/web.uri.edu\/cfrp\/wp-content\/uploads\/sites\/1661\/how-did-we-get-here-background-on-the-opioid-epidemic.jpg 1680w\" sizes=\"auto, (max-width: 300px) 100vw, 300px\" \/><\/a> <a class=\"title\" href=\"https:\/\/rise.articulate.com\/share\/CancDhnHeDa--yF2pbzK9W1ecMDTE02O\">\u00bfC\u00f3mo llegamos aqu\u00ed? Antecedentes de la epidemia de opioides<\/a> <span class=\"excerpt-dash\">-<\/span> <span class=\"excerpt\">Venga a conocer los antecedentes de la epidemia de opioides en Estados Unidos y obtenga algunas perspectivas \u00fanicas. El siguiente curso es para aprender informaci\u00f3n m\u00e1s detallada sobre la historia de la crisis de opioides.<\/span><\/li><\/ul>\n","protected":false},"excerpt":{"rendered":"<p>La naloxona (Narcan\u00ae) es un medicamento que puede revertir una sobredosis provocada por una droga opioide. Puede completar el curso en diez minutos de aprendizaje interactivo, todo desde la comodidad de su hogar y recibir su propio estuche de naloxona por correo.<\/p>\n","protected":false},"author":581,"featured_media":0,"parent":0,"menu_order":0,"comment_status":"closed","ping_status":"closed","template":"","meta":{"_acf_changed":false,"footnotes":"","_links_to":"","_links_to_target":""},"class_list":["post-1621","page","type-page","status-publish","hentry"],"acf":[],"_links":{"self":[{"href":"https:\/\/web.uri.edu\/cfrp\/wp-json\/wp\/v2\/pages\/1621","targetHints":{"allow":["GET"]}}],"collection":[{"href":"https:\/\/web.uri.edu\/cfrp\/wp-json\/wp\/v2\/pages"}],"about":[{"href":"https:\/\/web.uri.edu\/cfrp\/wp-json\/wp\/v2\/types\/page"}],"author":[{"embeddable":true,"href":"https:\/\/web.uri.edu\/cfrp\/wp-json\/wp\/v2\/users\/581"}],"replies":[{"embeddable":true,"href":"https:\/\/web.uri.edu\/cfrp\/wp-json\/wp\/v2\/comments?post=1621"}],"version-history":[{"count":1,"href":"https:\/\/web.uri.edu\/cfrp\/wp-json\/wp\/v2\/pages\/1621\/revisions"}],"predecessor-version":[{"id":1622,"href":"https:\/\/web.uri.edu\/cfrp\/wp-json\/wp\/v2\/pages\/1621\/revisions\/1622"}],"wp:attachment":[{"href":"https:\/\/web.uri.edu\/cfrp\/wp-json\/wp\/v2\/media?parent=1621"}],"curies":[{"name":"wp","href":"https:\/\/api.w.org\/{rel}","templated":true}]}}