{"id":876,"date":"2022-12-02T15:12:45","date_gmt":"2022-12-02T20:12:45","guid":{"rendered":"https:\/\/web.uri.edu\/dwell\/?page_id=876"},"modified":"2025-03-19T15:18:11","modified_gmt":"2025-03-19T19:18:11","slug":"visualizing-stormwater-infrastructure","status":"publish","type":"page","link":"https:\/\/web.uri.edu\/dwell\/projects\/visualizing-stormwater-infrastructure\/","title":{"rendered":"Visualizing Stormwater Infrastructure"},"content":{"rendered":"\n<p><em><strong>A Digital Walking Tour at Roger Williams Park<\/strong><\/em><\/p>\n\n\n\n<figure class=\"wp-block-image size-large\"><img decoding=\"async\" src=\"https:\/\/static.wixstatic.com\/media\/ad89ae_21feaba45cee4a49a287cfee06eba1b4~mv2.jpg\/v1\/fill\/w_1200,h_675,al_c,q_85,enc_auto\/RogerWiiliamsPark_feature_52_CharlesABir.jpg\" alt=\"\" \/><figcaption class=\"wp-element-caption\">Photo credit: Providence Stormwater Innovation Center\/<a href=\"https:\/\/www.stormwaterinnovation.org\/home\"> https:\/\/www.stormwaterinnovation.org\/home<\/a><\/figcaption><\/figure>\n\n\n\n<p>In collaboration with the Providence Stormwater Innovation Center (<a href=\"https:\/\/www.stormwaterinnovation.org\/\">PSIC<\/a>), DWELL Lab is developing an augmented reality (AR) walking tour to highlight the center\u2019s work with urban stormwater infrastructure. The tour takes place along the 1.25 mile loop around Roosevelt Lake in Roger Williams Park (RWP) in Providence. The first iteration of the tour is nearing completion and will be finalized in December of 2024. However, we expect to continue to grow and develop the content for years to come, reflecting the dynamic efforts made to improve water quality at RWP as a &#8220;living lab,&#8221; or an open innovation ecosystem. <\/p>\n\n\n\n<p>Plagued by poor water quality and eutrophication, many of the water bodies at RWP are remediated by PSIC\u2019s stormwater best management practices, or BMP, sites. In fact, there are 35 structural and non-structural stormwater <a href=\"https:\/\/psic.maps.arcgis.com\/apps\/Shortlist\/index.html?appid=59f0540434144df2943e41bf2138837e\">BMPs installed<\/a> in Roger Williams Park, at least five of which are located at Roosevelt Lake. The paved path along Roosevelt Lake is ADA-accessible and open to the public.<\/p>\n\n\n\n<p><strong>Project Collaborators<\/strong><\/p>\n\n\n\n<figure class=\"wp-block-table\"><table><tbody><tr><td><strong>Faculty<\/strong><\/td><td>Madison Jones (WRT &amp; NRS)<\/td><\/tr><tr><td><strong>Community Partners<\/strong><\/td><td>Ryan Kopp and Rebecca Reeves (Providence Stormwater Innovation Initiative) Jos\u00e9 R Men\u00e9ndez L\u00f3pez (Assistant Professor, Northeastern)<\/td><\/tr><tr><td><strong>Graduate Students<\/strong><\/td><td>Satya Sullivan (MAMA &#8217;25); Joseph Ahart (MESM &#8217;24); Ally Overbay (MESM &#8217;24); AnnaFaith Jorgensen (MESM &#8217;24)<\/td><\/tr><tr><td><strong>Undergraduate Students<\/strong><\/td><td>Novena Kapisa (APG &#8217;24); Calder Puckett (WRT &#8217;26); Aidan Donnellan (Computer Engineering &#8217;26)<\/td><\/tr><\/tbody><\/table><figcaption class=\"wp-element-caption\">We are actively seeking additional collaborators from across the Providence and URI communities to help us layer additional types of content from a diverse range of perspectives and disciplines. If you would like to learn more about how you might contribute to the project, please contact Madison Jones (madisonjones@uri.edu).<\/figcaption><\/figure>\n\n\n\n<hr class=\"wp-block-separator has-css-opacity\" \/>\n\n\n\n<p><strong>Project Snapshot<\/strong><\/p>\n\n\n\n<figure class=\"wp-block-table\"><table><tbody><tr><td><\/td><td><strong>Phase I: Discovery<\/strong><\/td><td><strong>Phase II: Prototyping &amp; Infrastructure <\/strong><\/td><td><strong>Phase III: Production &amp; Publication<\/strong><\/td><\/tr><tr><td><strong>Description<\/strong><\/td><td>Feasibility study; cocreation workshops with community partners; initial mapping and content development; securing funding for project phases.<\/td><td>User testing; creating additional content;  (website, video, and augmented reality); imaging and digital production; usability report; user testing; securing additional funding.<\/td><td>Public promotion; present analysis; finalize project content; develop, market, and distribute; publish findings; create sustainable publishing model for future work.<\/td><\/tr><tr><td><strong>Start Date<\/strong><\/td><td>January 2023<\/td><td>May 2024<\/td><td>September 2024<\/td><\/tr><tr><td><strong>Complete<\/strong><\/td><td>January 2024<\/td><td>August 2024<\/td><td>December 2024<\/td><\/tr><tr><td><strong>Funding<\/strong><\/td><td>Catalyst Grant, URI Costal Institute<\/td><td>RI NSF EPSCoR SURF Program<\/td><td>TBA<\/td><\/tr><\/tbody><\/table><\/figure>\n\n\n\n<div class=\"wp-block-columns is-layout-flex wp-container-core-columns-is-layout-9d6595d7 wp-block-columns-is-layout-flex\">\n<div class=\"wp-block-column is-layout-flow wp-block-column-is-layout-flow\" style=\"flex-basis:66.66%\">\n<p>Because of its proximity to stormwater BMPs and its ADA-accessible walking trail, Roosevelt Lake is the focus of the AR walking tour. The tour will include multiple AR objects, including renderings of structural stormwater BMPS\u2014one of which is linked below as a QR code. An updated list of proposed Points of Interest (POIs) and route may be found on the project&#8217;s <a href=\"https:\/\/www.google.com\/maps\/d\/u\/2\/edit?mid=1JHPyt__9U0wyF0u1YQHJIXhscmXQLDM&amp;usp=sharing\">shared Google MyMap<\/a>.<\/p>\n<\/div>\n\n\n\n<div class=\"wp-block-column is-layout-flow wp-block-column-is-layout-flow\" style=\"flex-basis:33.33%\">\n<figure class=\"wp-block-image size-large\"><a href=\"https:\/\/www.google.com\/maps\/d\/u\/2\/edit?mid=1JHPyt__9U0wyF0u1YQHJIXhscmXQLDM&amp;usp=sharing\"><img loading=\"lazy\" decoding=\"async\" width=\"800\" height=\"456\" src=\"https:\/\/web.uri.edu\/dwell\/wp-content\/uploads\/sites\/1981\/map-clipart-md.png\" alt=\"pinpoint on a map indicating position\" class=\"wp-image-1067\" srcset=\"https:\/\/web.uri.edu\/dwell\/wp-content\/uploads\/sites\/1981\/map-clipart-md.png 800w, https:\/\/web.uri.edu\/dwell\/wp-content\/uploads\/sites\/1981\/map-clipart-md-300x171.png 300w, https:\/\/web.uri.edu\/dwell\/wp-content\/uploads\/sites\/1981\/map-clipart-md-768x438.png 768w, https:\/\/web.uri.edu\/dwell\/wp-content\/uploads\/sites\/1981\/map-clipart-md-364x207.png 364w, https:\/\/web.uri.edu\/dwell\/wp-content\/uploads\/sites\/1981\/map-clipart-md-500x285.png 500w\" sizes=\"auto, (max-width: 800px) 100vw, 800px\" \/><\/a><figcaption class=\"wp-element-caption\">Visit the project&#8217;s <a href=\"https:\/\/www.google.com\/maps\/d\/u\/2\/edit?mid=1JHPyt__9U0wyF0u1YQHJIXhscmXQLDM&amp;usp=sharing\">Google MyMap<\/a> for an updated overview of the tour (in progress). <\/figcaption><\/figure>\n<\/div>\n<\/div>\n\n\n\n<p>This walking tour not only celebrates PSIC\u2019s work, but also informs the public about stormwater BMPs and serve as an educational tool for Roger Williams Park staff.<\/p>\n\n\n\n<p><strong>Funding Acknowledgement<\/strong><\/p>\n\n\n\n<div class=\"wp-block-columns is-layout-flex wp-container-core-columns-is-layout-9d6595d7 wp-block-columns-is-layout-flex\">\n<div class=\"wp-block-column is-layout-flow wp-block-column-is-layout-flow\" style=\"flex-basis:33.33%\">\n<figure class=\"wp-block-image size-large\"><img loading=\"lazy\" decoding=\"async\" width=\"219\" height=\"231\" src=\"https:\/\/web.uri.edu\/dwell\/wp-content\/uploads\/sites\/1981\/costalinstitute.jpg\" alt=\"Costal Institute Logo\" class=\"wp-image-1036\" \/><figcaption class=\"wp-element-caption\">The collaborators are grateful to the Costal Institute at the University of Rhode Island for supporting this project. <\/figcaption><\/figure>\n<\/div>\n\n\n\n<div class=\"wp-block-column is-layout-flow wp-block-column-is-layout-flow\" style=\"flex-basis:66.66%\">\n<p><em>The initial phase of this project is made possible in part by the generous support of the URI Coastal Institute&#8217;s 2023 Catalyst Grant.<\/em> <em>We are grateful for the support of the Costal Institute and the collaborative support of the Providence Stormwater Innovation Center. <\/em><\/p>\n<\/div>\n<\/div>\n\n\n\n<div class=\"wp-block-columns is-layout-flex wp-container-core-columns-is-layout-9d6595d7 wp-block-columns-is-layout-flex\">\n<div class=\"wp-block-column is-layout-flow wp-block-column-is-layout-flow\" style=\"flex-basis:66.66%\">\n<p>Summer support for students was generously provided by the <a href=\"https:\/\/web.uri.edu\/rinsfepscor\/surf\/\">2024  RI NSF EPSCoR Summer Undergraduate Research Fellowship<\/a> program and funded by the NSF Award #OIA-1655221. Any opinions, findings, and conclusions or recommendations expressed in this material are those of the author(s) and do not necessarily reflect the views of the National Science Foundation.<\/p>\n\n\n\n<p><strong>Sample Content<\/strong><\/p>\n<\/div>\n\n\n\n<div class=\"wp-block-column is-layout-flow wp-block-column-is-layout-flow\" style=\"flex-basis:33.33%\">\n<figure class=\"wp-block-image size-large\"><img loading=\"lazy\" decoding=\"async\" width=\"587\" height=\"118\" src=\"https:\/\/web.uri.edu\/dwell\/wp-content\/uploads\/sites\/1981\/SURF-Logo.jpg\" alt=\"\" class=\"wp-image-1457\" srcset=\"https:\/\/web.uri.edu\/dwell\/wp-content\/uploads\/sites\/1981\/SURF-Logo.jpg 587w, https:\/\/web.uri.edu\/dwell\/wp-content\/uploads\/sites\/1981\/SURF-Logo-300x60.jpg 300w, https:\/\/web.uri.edu\/dwell\/wp-content\/uploads\/sites\/1981\/SURF-Logo-364x73.jpg 364w, https:\/\/web.uri.edu\/dwell\/wp-content\/uploads\/sites\/1981\/SURF-Logo-500x101.jpg 500w\" sizes=\"auto, (max-width: 587px) 100vw, 587px\" \/><\/figure>\n<\/div>\n<\/div>\n\n\n\n<div class=\"wp-block-columns is-layout-flex wp-container-core-columns-is-layout-9d6595d7 wp-block-columns-is-layout-flex\">\n<div class=\"wp-block-column is-layout-flow wp-block-column-is-layout-flow\">\n<figure class=\"wp-block-image size-large\"><img loading=\"lazy\" decoding=\"async\" width=\"1024\" height=\"1024\" src=\"https:\/\/web.uri.edu\/dwell\/wp-content\/uploads\/sites\/1981\/RWP-Stormwater-QR-Code-1024x1024.png\" alt=\"QR Code that links to an AR experience\" class=\"wp-image-957\" srcset=\"https:\/\/web.uri.edu\/dwell\/wp-content\/uploads\/sites\/1981\/RWP-Stormwater-QR-Code.png 1024w, https:\/\/web.uri.edu\/dwell\/wp-content\/uploads\/sites\/1981\/RWP-Stormwater-QR-Code-300x300.png 300w, https:\/\/web.uri.edu\/dwell\/wp-content\/uploads\/sites\/1981\/RWP-Stormwater-QR-Code-150x150.png 150w, https:\/\/web.uri.edu\/dwell\/wp-content\/uploads\/sites\/1981\/RWP-Stormwater-QR-Code-768x768.png 768w, https:\/\/web.uri.edu\/dwell\/wp-content\/uploads\/sites\/1981\/RWP-Stormwater-QR-Code-364x364.png 364w, https:\/\/web.uri.edu\/dwell\/wp-content\/uploads\/sites\/1981\/RWP-Stormwater-QR-Code-500x500.png 500w, https:\/\/web.uri.edu\/dwell\/wp-content\/uploads\/sites\/1981\/RWP-Stormwater-QR-Code-1000x1000.png 1000w\" sizes=\"auto, (max-width: 1024px) 100vw, 1024px\" \/><figcaption class=\"wp-element-caption\">In this augmented reality experience, you will see a 3D model of one of the stormwater BMP sites at Roger Williams Park. When you click on the landscape\/model, a flooding effect will occur, demonstrating how the site mitigates stormwater runoff. <\/figcaption><\/figure>\n<\/div>\n\n\n\n<div class=\"wp-block-column is-layout-flow wp-block-column-is-layout-flow\">\n<p><span style=\"text-decoration: underline\">To access a sample augmentation of the project:<\/span><\/p>\n\n\n\n<p>1. Scan the following QR code with your smart device\u2019s camera (or click the following link from your mobile device: <a href=\"https:\/\/adobeaero.app.link\/sVMEYV3rGub\">https:\/\/adobeaero.app.link\/sVMEYV3rGu<\/a>)<\/p>\n\n\n\n<p>2. You will be prompted to download and install Adobe Aero (if you do not already have the app)<\/p>\n\n\n\n<p>3. The augmentation should automatically load after installation (you may have to rescan the QR code [or <a href=\"https:\/\/adobeaero.app.link\/sVMEYV3rGub\">click the link<\/a>] again once you install the app)<\/p>\n<\/div>\n<\/div>\n","protected":false},"excerpt":{"rendered":"<p>A Digital Walking Tour at Roger Williams Park In collaboration with the Providence Stormwater Innovation Center (PSIC), DWELL Lab is developing an augmented reality (AR) walking tour to highlight the center\u2019s work with urban stormwater infrastructure. The tour takes place along the 1.25 mile loop around Roosevelt Lake in Roger Williams Park (RWP) in Providence. [&hellip;]<\/p>\n","protected":false},"author":4710,"featured_media":0,"parent":194,"menu_order":0,"comment_status":"closed","ping_status":"closed","template":"","meta":{"_acf_changed":false,"footnotes":"","_links_to":"","_links_to_target":""},"class_list":["post-876","page","type-page","status-publish","hentry"],"acf":[],"_links":{"self":[{"href":"https:\/\/web.uri.edu\/dwell\/wp-json\/wp\/v2\/pages\/876","targetHints":{"allow":["GET"]}}],"collection":[{"href":"https:\/\/web.uri.edu\/dwell\/wp-json\/wp\/v2\/pages"}],"about":[{"href":"https:\/\/web.uri.edu\/dwell\/wp-json\/wp\/v2\/types\/page"}],"author":[{"embeddable":true,"href":"https:\/\/web.uri.edu\/dwell\/wp-json\/wp\/v2\/users\/4710"}],"replies":[{"embeddable":true,"href":"https:\/\/web.uri.edu\/dwell\/wp-json\/wp\/v2\/comments?post=876"}],"version-history":[{"count":5,"href":"https:\/\/web.uri.edu\/dwell\/wp-json\/wp\/v2\/pages\/876\/revisions"}],"predecessor-version":[{"id":1590,"href":"https:\/\/web.uri.edu\/dwell\/wp-json\/wp\/v2\/pages\/876\/revisions\/1590"}],"up":[{"embeddable":true,"href":"https:\/\/web.uri.edu\/dwell\/wp-json\/wp\/v2\/pages\/194"}],"wp:attachment":[{"href":"https:\/\/web.uri.edu\/dwell\/wp-json\/wp\/v2\/media?parent=876"}],"curies":[{"name":"wp","href":"https:\/\/api.w.org\/{rel}","templated":true}]}}