{"id":38892,"date":"2019-08-16T15:28:00","date_gmt":"2019-08-16T19:28:00","guid":{"rendered":"https:\/\/web.uri.edu\/engineering\/?page_id=38892"},"modified":"2024-09-17T16:09:41","modified_gmt":"2024-09-17T20:09:41","slug":"corporate-partners","status":"publish","type":"page","link":"https:\/\/web.uri.edu\/engineering\/academics\/iep\/about-the-iep\/corporate-partners\/","title":{"rendered":"Corporate Partners"},"content":{"rendered":"\n<h1 class=\"wp-block-heading\">International Engineering Program<\/h1>\n\n\n<section class=\"cl-wrapper cl-menu-wrapper\"><nav id=\"\" class=\"cl-menu  \" data-name=\"IEP\" data-show-title=\"0\"><ul id=\"menu-iep\" class=\"cl-menu-list cl-menu-list-no-js\"><li id=\"menu-item-79612\" class=\"menu-item menu-item-type-post_type menu-item-object-page menu-item-79612\"><a href=\"https:\/\/web.uri.edu\/engineering\/academics\/iep\/\">IEP Home<\/a><\/li>\n<li id=\"menu-item-79615\" class=\"menu-item menu-item-type-post_type menu-item-object-page menu-item-79615\"><a href=\"https:\/\/web.uri.edu\/engineering\/academics\/iep\/curriculum\/\">Curriculum<\/a><\/li>\n<li id=\"menu-item-79613\" class=\"menu-item menu-item-type-post_type menu-item-object-page menu-item-79613\"><a href=\"https:\/\/web.uri.edu\/engineering\/academics\/iep\/year-abroad\/\">Year Abroad<\/a><\/li>\n<li id=\"menu-item-79614\" class=\"menu-item menu-item-type-post_type menu-item-object-page menu-item-79614\"><a href=\"https:\/\/web.uri.edu\/engineering\/academics\/iep\/scholarships\/\">Scholarships<\/a><\/li>\n<li id=\"menu-item-79610\" class=\"menu-item menu-item-type-post_type menu-item-object-page menu-item-79610\"><a href=\"https:\/\/web.uri.edu\/engineering\/academics\/iep\/living-learning-community\/\">LLC<\/a><\/li>\n<li id=\"menu-item-79618\" class=\"menu-item menu-item-type-post_type menu-item-object-page menu-item-79618\"><a href=\"https:\/\/web.uri.edu\/engineering\/academics\/iep\/people\/\">People<\/a><\/li>\n<li id=\"menu-item-79616\" class=\"menu-item menu-item-type-post_type menu-item-object-page menu-item-79616\"><a href=\"https:\/\/web.uri.edu\/engineering\/academics\/iep\/about-the-iep\/\">About<\/a><\/li>\n<li id=\"menu-item-86978\" class=\"menu-item menu-item-type-post_type menu-item-object-page menu-item-86978\"><a href=\"https:\/\/web.uri.edu\/engineering\/aciee\/\">Colloquium<\/a><\/li>\n<\/ul><\/nav><\/section>\n\n\n<h2 class=\"wp-block-heading\">Corporate Partners<\/h2>\n\n\n<div class=\"cl-wrapper cl-card-wrapper\"><a class=\"cl-card  right\" href=\"https:\/\/drive.google.com\/file\/d\/1dxIl49HxRs4SlQGhD7_xwuimBRrMSKri\/view\" title=\"\"><div class=\"cl-card-container text\"><div class=\"cl-card-text\"><h2>Partner with the IEP<\/h2><p>Read an overview of the program and connect with our team.<\/p><\/div><\/div><\/a><\/div>\n\n\n<p class=\"type-intro fullwidth\">Gain access to top-notch, bilingual engineering talent with international work experience and a background of deep cultural immersion.<\/p>\n\n\n\n<p>Our corporate partners are an essential part of the IEP experience. They host interns at their international locations, sponsor research and often recruit our graduates. Below is a list of corporations that have partnered with the IEP.<\/p>\n\n\n\n<hr class=\"wp-block-separator has-css-opacity\" \/>\n\n\n\n<div class=\"wp-block-columns is-layout-flex wp-container-core-columns-is-layout-9d6595d7 wp-block-columns-is-layout-flex\">\n<div class=\"wp-block-column is-layout-flow wp-block-column-is-layout-flow\">\n<p>3P Biopharmaceuticals (No\u00e1in)<br>Abengoa (Sevilla)<br>Aerodata (Braunschweig)<br>Agfa (Leverkusen, Gera)<br>Aicon 3-D (Braunschweig, Meersburg)<br>Air Liquide (Jouy-en Josas-Cedex)<br>Air Nostrum (Valencia)<br>Alakaluf (Punta Amerrenas)<br>Amazon (Madrid)<br>Antenna System Solutions (Santander)<br>Apia XXI (Santander)<br>Aplex Technologies (Taipei, Taiwan)<br>Applied Materials (Alzenau)<br>Arup (Madrid)<br>Astilleros de Santander A.S (Astander)<br>ASL Healthcare (Naples)<br>AUDI (Ingolstadt)<br>Aviso (Gera)<br>Axiva (Frankfurt)<br>B-Services (Naples)<br>Baird &amp; Associates (Santiago)<br>Bard Shannon, Ltd. (Humacao)<br>BASF (Ludwigshafen, Santiago)<br>Bayer (Leverkusen)<br>Bayer Technology Services (Shanghai)<br>Beijing Ao Rui Te Science &amp; Technology Co.<br>(Beijing)<br>Beinbauer Group (B\u00fcchlberg)<br>Beiersdorf AG (Hamburg)<br>Benteler (Paderborn)<br>Bernard Energy Advocacy (Brussels)<br>Biomedical Imaging Lab (Hangzhou)<br>Biotrial (Mulhouse)<br>Bischof + Klein (Lengerich)<br>Blaupunkt GmbH (Hildesheim)<br>BMSER Xieneng Technology (Hangzhou)<br>BMW (Munich, NJ, SC)<br>BMW Motorrad (Munich)<br>BMW Motorsport (Munich)<br>Boehringer Ingelheim Microparts (Dortmund)<br>Boston Scientific (Coyol)<br>Bouygues Construction (Marseille)<br>BP Mineral\u00f6l (Gelsenkirchen)<br>Bruker Biospin (Wiessemebourg)<br>BSP Pharmaceuticals (Latina)<br>B&amp;J Adaptaciones (Barcelona)<br>Caterpillar (Mannheim)<br>CEIT (San Sebasti\u00e1n)<br>Central European Fund (Nanjing)<br>Centro de Investigaci\u00f3n Biom\u00e9dica de Arag\u00f3n<br>(Zaragoza)<br>CEREMA (Compi\u00e8gne)<br>CGG (Paris)<br>Chen Lu International Skating Center (Beijing)<br>CCPPNR (Beijing)<br>CIRCE (Zaragoza)<br>CIRIMAT Institute at the Universit\u00e9 Toulouse 3<br>(Toulouse)<br>Codelco (Santiago)<br>Colcrete von Essen (Rastede)<br>Communication Technologies Research Group<br>(Zaragoza)<br>Constructions 3d (Valenciennes)<br>Conti (Ingolstadt)<br>Continental (Hannover, Regensburg)<br>Coplan (Eggenfelden, Regensburg)<br>Controls Engineering Group (Santander)<br>CREG Catalysis, Molecular Separations<br>&amp; Reactor Engineering Group (Zaragoza)<br>Daimler AG (Sindelfingen, Stuttgart, NJ, MI)<br>Dassault Syst\u00e8mes (V\u00e9lizy-Villacoublay)<br>Deutsche Bahn (Munich, Berlin, Minden,<br>Kassel)<br>DB Cargo (Mainz)<br>DB Engineering &amp; Consulting (Hannover)<br>DB Netz (Frankfurt)<br>DB Schenker (Mainz)<br>DB Systel (Frankfurt)<br>DB Systemtechnik (Munich)<br>Departamento de Ciencias y T\u00e9cnicas del<br>Agua y del Medio Ambiente (Santander)<br>Division of Medical Bioengineering (Okayama)<br>DLR (Stade)<br>Draeger Medical (L\u00fcbeck)<br>Drillmec (Piacenza)<br>\u00c9cole des Hautes \u00c9tudes en Sant\u00e9 Publique (Rennes)<br>ECOS Canarias S.L. (Las Palmas de Gran<br>Canaria)<br>EDF (Chatou)<br>Emitec (Lohmar)<br>ENERCAP (Lyon)<br>Ennera (Ibarra)<br>Epic Power (Zaragoza)<br>Era7 (Granada)<br>Etalon (Braunschweig)<br>Eurovia (Vinci Construction) (Bordeaux)<br>Everis (Barcelona)<br>Ewag GmbH (Solothurn)<br>Experimentierstation Obstbau (Schlachters)<br>Fashion Power (Hangzhou)<br>Fatronik (San Sebasti\u00e1n)<br>Federal Mogul (Cr\u00e9py-en-Valois)<br>Feng Logistics Company (Hangzhou)<br>France Energies Marines (Plouzan\u00e9)<br>Fraunhofer-Institut f\u00fcr Schicht- und<br>Oberfl\u00e4chentechnik (Braunschweig)<br>Fraunhofer Institute for Manufacturing Engineering<br>and Automation (Stuttgart)<br>Gamesa S.A. (Bilbao)<br>General Electric (Suzhou)<br>General Motors (Zaragoza)<br>Geoc\u00e9an (Marseille)<br>GeoCiclos (Vi\u00f1a del Mar)<br>Geotecnia Ambiental (Valpara\u00edso)<br>GKN Driveline (Zumaia)<br>GOM (Perugia)<br>Graded S.p.A. (Naples)<br>Grastim (Naples)<br>Groupe ADP (Paris)<br>Grupo de Biomateriales (GBM) (Zaragoza)<br>Grupo de Ingenier\u00eda Oceanogr\u00e1fica y de Costas<br>(Santander)<br>Grupo GIST (Santander)<br>GTM (Batiment)<br>GTM Hall\u00e9 (Vinci Construction) (Nancy)<br>Hangzhou Architectural Design &amp; Research, Ltd.<br>(Hangzhou)<br>Hasbro (Hong Kong, Shenzhen)<br>Hexagon (various locations in Germany, Spain,<br>France, USA, China, Italy and Japan)<br>Higer Bus Company (Suzhou)<br>Hilti (Kaufering, Schaan, Madrid)<br>Hochtief (Essen, Hamburg)<br>Hokkaido System Science (Sapporo)<br>Hope Global (Le\u00f3n)<br>Human Behavior Understanding Lab<br>Hutchinson (Auxy)<br>IAV (Berlin, Braunschweig, Gifhorn,<br>Nuremberg, Munich)<br>IAVF Antriebstechnik AG (Karlsruhe)<br>Ibaia Energ\u00eda (Beasain, Ibarra)<br>IDOM (Bilbao, Zaragoza)<br>Ifremer (La Rochelle)<br>Ifremer Service PRAO (La Seyne-sur-Mer)<br>IH Cantabria (Santander)<br>IHU-Strasboug (Strasbourg)<\/p>\n<\/div>\n\n\n\n<div class=\"wp-block-column is-layout-flow wp-block-column-is-layout-flow\">\n<p>IMAS (Mariano Comense)<br>Indaber Ibiza (Ibiza)<br>Infineon AG (Munich)<br>Informatics Lab: Statistics, Intelligent Systems &amp;<br>Robotics\/Mchanics &amp; Mechatronics (Niigata)<br>Ingenieria Geotecnica y Geoambiental<br>(Santander)<br>Ingenier\u00eda Inform\u00e1tica y Electr\u00f3nica<br>(Santander)<br>Inomed (Emmendingen)<br>Insigma HengTian Software, Ltd. (Hangzhou)<br>Institute of Automotive Management andInstitut f\u00fcr Elektrische Messtechnik<br>(Braunschweig)<br>Inst. of Geotechnical Engineering (Hangzhou)<br>Institut f\u00fcr Grund und Bodenbau<br>(Braunschweig)<br>Instituto de Hidr\u00e1ulica Ambiental (Cantabria)<br>Institut Hospitalo-Universitaire (Strasbourg)<br>Inst. of Hydraulic Structure &amp; Water<br>Environment (Hangzhou)<br>Inst. of Micro-\/Nanotechnoloy &amp; Precision<br>Engineering (Hangzhou)<br>Inst. of Polymerization &amp; Polymer EGR (Hangzhou)<br>Institut Polytechnique de Grenoble (Grenoble)<br>Intamin Amusement Rides Int. Corp. Est (Schaan)<br>IQE (Zaragoza)<br>Johnson &amp; Johnson (NJ, S\u00e3o Paulo)<br>Ke Kelit (Linz, Austria)<br>King Marine (Valencia)<br>KOB (Kaiserslautern)<br>Kolbenschmidt Pierburg (Neckarsulm, Abadiano)<br>Kraft Foods (M\u00fcnchen)<br>KS Fototechnik (Wuppertal)<br>Laboratoire Electom\u00e9canique de Compi\u00e8gne<br>(Compi\u00e8gne)<br>Laboratoire Simard (Compi\u00e8gne)<br>Laboratoire TIMR (Compi\u00e8gne)<br>Laboratorio di Genetica (Rende)<br>Laboratorio Grandi Modelli Idrauli (Rende)<br>Lean In China (Beijing)<br>Leica Camera (Solms)<br>Lemf\u00f6rder AG (SC, Spain, Germany)<br>LMS Imagine (a Siemens business) (Lyon)<br>LMU Arch\u00e4oBioCenter (M\u00fcnchen)<br>Logic Solutions (Nanjing)<br>Lufthansa Technik AG (Hamburg)<br>Lur Geroa (Irurtzun)<br>Machine Learning and Data Analytics Lab (Erlangen)<br>Manini Prefabbricati (Assisi)<br>Marum (Bremen)<br>Maurer S\u00f6hne (M\u00fcnchen)<br>Maxon Motors (Sexau)<br>Medincell (Jacou)<br>Meyer Werft (Papenburg)<br>MTU (Hannover, M\u00fcnchen)<br>National Lab of Secondary Resources<br>(Hangzhou)<br>Nikola Motor (Stuttgart)<br>Nippon Advanced Technology Co. (Tokai)<br>Novacare (Concepci\u00f3n)<br>N\u00facleo Biotecnolog\u00eda Curauma (NBC) (Curauma)<br>NYNAS (Hamburg)<br>Oakwood Asia (Hangzhou)<br>Offshore Pipelines and Risers (Hangzhou)<br>Opel (Zaragoza)<br>Osram Opto Semiconductors (Regensburg)<br>Pedelta (Barcelona)<br>Penn Group Technologies (Taipei, Taiwan)<br>Pentair Electronic Packaging (Quingdao)<br>Physical Chemistry and Applied Materials Lab<br>(Rende)<br>Pin AN Insurance Company of China, Ltd.<br>(Nanjing)<br>PolyIC (F\u00fcrth)<br>Porsche (Weissach)<br>Praxair (Spain)<br>Preusse Baubetriebe GmbH (Hamburg)<br>Price Waterhouse (Frankfurt)<br>Puerto Santander (Santander)<br>Puerto Ventanas (Puchuncavi)<br>Q-Das (Braunschweig)<br>RATP Group (Paris)<br>Raytheon Ansch\u00fctz (Kiel)<br>Renault (Guyancourt)<br>Rhodia (Clamecy, Lyon)<br>Robert Bosch GmbH (Stuttgart)<br>Robotiker (Zamudio)<br>Rhodia (Paris)<br>Saint-Gobain (Cavaillon, Avignon, Germany)<br>Salzgitter (Salzgitter)<br>SAMTACK (Barcelona)<br>SAP (Karlsruhe, Montreal)<br>Schneider Electric (Montpellier)<br>Schroff GmbH (Straubenhardt)<br>SEAT S.A. (Barcelona, Martotell)<br>Sensata Technologies (Aguascalientes,<br>Hangzhou)<br>Sentinel Tech (Tianjin)<br>Shimadzu (Kyoto)<br>SIDAT (Trofarello)<br>Siemens (M\u00fcnchen, Erlangen, Madrid, Berlin)<br>Siemens HealthCare (Erlangen)<br>Sixense Soldata (Nanterre)<br>Skylotec (Neuwied)<br>Sky Deutschland (Unterf\u00f6hring)<br>Soci\u00e9t\u00e9 G\u00e9n\u00e9rale (Fontenay-sous-Bois)<br>State Key Laboratory for Chemical Engineering<br>(Hangzhou)<br>Subseamechatronics (Las Palmas de Gran<br>Canaria)<br>Supfina (RI, Schapbach)<br>STMicroelectronics (Grenoble)<br>Taco Italia (Vicenza)<br>Tecnalia (Derio, San Sebasti\u00e1n)<br>Tennet Offshore (Lehrte)<br>Teknor Apex (Suzhou)<br>Terres Inovia Laboratoire (Compi\u00e8gne)<br>Texas Instruments (Aguascalientes)<br>Tianjin Normal Univ., Materials Science Lab (Tianjin)<br>Thermochemical Processes Research Group<br>(Zaragoza)<br>TokenInsight Consulting (Beijing)<br>Toray Plastics (Lyon, Tokyo)<br>Total (Paris, Pau)<br>Trumpf (Ditzingen)<br>TRW (Alfdorf)<br>ULPGC (Las Palmas de Gran Canaria)<br>UniCredit (Hypovereinsbank) (M\u00fcnchen)<br>VAM\/Becker Bau (Kiel)<br>VDO Automotive AG (Villingen)<br>Vidal Vademecum (Madrid)<br>Viessmann (Allendorf)<br>Volkswagen (Wolfsburg)<br>Volkswagen Nutzfahrzeuge (Hannover)<br>Vorwerk &amp; Co. (Wuppertal)<br>VP et Green Ing\u00e9nierie (Paris)<br>Worldline (Lille)<br>Yanmar (Saint-Dizier)<br>Yingke Xu BME Lab (Hangzhou)<br>ZF (various locations in Germany, Spain, France,<br>USA, Mexico, China, Italy)<br>Zhejiang Communications Construction, Ltd.<br>(Hangzhou)<br>Z\u00fcblin AG (Stuttgart)<\/p>\n<\/div>\n<\/div>\n","protected":false},"excerpt":{"rendered":"<p>International Engineering Program Corporate Partners Gain access to top-notch, bilingual engineering talent with international work experience and a background of deep cultural immersion. Our corporate partners are an essential part of the IEP experience. They host interns at their international locations, sponsor research and often recruit our graduates. Below is a list of corporations that [&hellip;]<\/p>\n","protected":false},"author":4861,"featured_media":0,"parent":38811,"menu_order":0,"comment_status":"closed","ping_status":"closed","template":"","meta":{"_acf_changed":false,"footnotes":"","_links_to":"","_links_to_target":""},"class_list":["post-38892","page","type-page","status-publish","hentry"],"acf":[],"_links":{"self":[{"href":"https:\/\/web.uri.edu\/engineering\/wp-json\/wp\/v2\/pages\/38892","targetHints":{"allow":["GET"]}}],"collection":[{"href":"https:\/\/web.uri.edu\/engineering\/wp-json\/wp\/v2\/pages"}],"about":[{"href":"https:\/\/web.uri.edu\/engineering\/wp-json\/wp\/v2\/types\/page"}],"author":[{"embeddable":true,"href":"https:\/\/web.uri.edu\/engineering\/wp-json\/wp\/v2\/users\/4861"}],"replies":[{"embeddable":true,"href":"https:\/\/web.uri.edu\/engineering\/wp-json\/wp\/v2\/comments?post=38892"}],"version-history":[{"count":4,"href":"https:\/\/web.uri.edu\/engineering\/wp-json\/wp\/v2\/pages\/38892\/revisions"}],"predecessor-version":[{"id":81042,"href":"https:\/\/web.uri.edu\/engineering\/wp-json\/wp\/v2\/pages\/38892\/revisions\/81042"}],"up":[{"embeddable":true,"href":"https:\/\/web.uri.edu\/engineering\/wp-json\/wp\/v2\/pages\/38811"}],"wp:attachment":[{"href":"https:\/\/web.uri.edu\/engineering\/wp-json\/wp\/v2\/media?parent=38892"}],"curies":[{"name":"wp","href":"https:\/\/api.w.org\/{rel}","templated":true}]}}