{"id":6763,"date":"2019-06-28T16:01:46","date_gmt":"2019-06-28T20:01:46","guid":{"rendered":"https:\/\/web.uri.edu\/human-development\/?page_id=6763"},"modified":"2024-04-25T09:56:19","modified_gmt":"2024-04-25T13:56:19","slug":"vision","status":"publish","type":"page","link":"https:\/\/web.uri.edu\/human-development\/outreach\/early-childhood-institute\/es\/vision\/","title":{"rendered":"Visi\u00f3n"},"content":{"rendered":"<section class=\"cl-wrapper cl-menu-wrapper\"><nav id=\"\" class=\"cl-menu  \" data-name=\"ECI\" data-show-title=\"0\"><ul id=\"menu-eci\" class=\"cl-menu-list cl-menu-list-no-js\"><li id=\"menu-item-5671\" class=\"menu-item menu-item-type-post_type menu-item-object-page menu-item-5671\"><a href=\"https:\/\/web.uri.edu\/human-development\/outreach-and-research\/early-childhood-institute\/\">Overview<\/a><\/li>\n<li id=\"menu-item-5680\" class=\"menu-item menu-item-type-post_type menu-item-object-page menu-item-5680\"><a href=\"https:\/\/web.uri.edu\/human-development\/outreach\/early-childhood-institute\/workshops\/\">Workshops<\/a><\/li>\n<li id=\"menu-item-5758\" class=\"menu-item menu-item-type-post_type menu-item-object-page menu-item-5758\"><a href=\"https:\/\/web.uri.edu\/human-development\/outreach\/early-childhood-institute\/observations-and-consultation\/\">CDC Observations and Consultation<\/a><\/li>\n<li id=\"menu-item-5755\" class=\"menu-item menu-item-type-post_type menu-item-object-page menu-item-5755\"><a href=\"https:\/\/web.uri.edu\/human-development\/outreach\/early-childhood-institute\/on-site-coaching\/\">On-site Coaching<\/a><\/li>\n<li id=\"menu-item-5677\" class=\"menu-item menu-item-type-post_type menu-item-object-page menu-item-5677\"><a href=\"https:\/\/web.uri.edu\/human-development\/outreach\/early-childhood-institute\/people\/\">People<\/a><\/li>\n<li id=\"menu-item-6589\" class=\"menu-item menu-item-type-post_type menu-item-object-page menu-item-6589\"><a href=\"https:\/\/web.uri.edu\/human-development\/outreach\/early-childhood-institute\/resources\/\">Resources<\/a><\/li>\n<\/ul><\/nav><\/section>\n\n\n\n<h2 class=\"wp-block-heading\">Oportunidades de Desarrollo Profesional y Asesoramiento<br>para Profesionales de Centros Preescolares<\/h2>\n\n\n\n<p>Al Departamento de Desarrollo Humano y Estudios de la Familia de la Universidad de Rhode Island le complace ofrecer oportunidades de desarrollo profesional y de asesoramiento <strong>GRATUITAS<\/strong> y abiertas a profesionales de educaci\u00f3n infantil de todo nuestro estado.<\/p>\n\n\n\n<h2 class=\"wp-block-heading\"><a href=\"https:\/\/web.uri.edu\/wp-content\/uploads\/sites\/1267\/PD-Flow-Chart-ES-1000x1294.jpg\" rel=\"lightbox\">Las oportunidades de desarrollo profesional y asesoramiento incluyen<\/a><\/h2>\n\n\n\n<h3 class=\"wp-block-heading\">Ciclo de talleres de formaci\u00f3n profesional en educaci\u00f3n infantil<\/h3>\n\n\n\n<p><span style=\"font-size: 20px\">Les invitamos a profesionales que trabajan en el \u00e1mbito del desarrollo infantil y la educaci\u00f3n preescolar en el estado de Rhode Island a participar en estos talleres de desarrollo profesional GRATUITOS.<\/span><\/p>\n\n\n\n<p>Aunque los talleres se ofrecer\u00e1n en ingl\u00e9s, est\u00e1n bienvenidos todos los profesionales interesados, independientemente de su nivel de competencia o dominio del ingl\u00e9s.<\/p>\n\n\n\n<p><strong>Fechas<\/strong>: viernes 26\/7 (Directores de centros) y s\u00e1bado 27\/7 (Maestros, Educadores y Monitores) o viernes 15\/11 (Directores de centros) y s\u00e1bado 16\/11 (Maestros, Educadores y Monitores)<\/p>\n\n\n\n<p>Adem\u00e1s de la oportunidad de participar en estos Talleres de Desarrollo Profesional gratuitos, todos los asistentes recibir\u00e1n:<\/p>\n\n\n\n<ul class=\"wp-block-list\"><li>Hasta cinco cr\u00e9ditos de desarrollo profesional,<\/li><li>Una tarjeta de regalo de Amazon,<\/li><li>Boletos de rifa para ganar materiales para sus aulas,<\/li><li>La oportunidad de compartir buenas pr\u00e1cticas con otros profesionales de educaci\u00f3n infantil,<\/li><li>La opci\u00f3n de solicitar su participaci\u00f3n en las siguientes fases de este programa, que supondr\u00e1n m\u00e1s oportunidades de asesoramiento y consultor\u00eda con los maestros y consultores del Centro de Desarrollo Infantil de URI.<\/li><\/ul>\n\n\n\n<h3 class=\"wp-block-heading\">Observaciones y consultor\u00eda en un Centro de Desarrollo Infantil de URI<\/h3>\n\n\n\n<p>Los asistentes al Ciclo de talleres de formaci\u00f3n profesional en educaci\u00f3n infantil podr\u00e1n solicitar su participaci\u00f3n en la siguiente fase de este programa que consistir\u00e1 en tres sesiones de observaci\u00f3n enfocada y guiada en uno de los Centros de Desarrollo Infantil (CDC) de URI (en Kingston o Providence). Despu\u00e9s de cada observaci\u00f3n guiada, el participante se reunir\u00e1 con maestros del CDC y consultores de URI para desarrollar un plan con medidas concretas para implementar las estrategias observadas en su propio centro educativo.<\/p>\n\n\n\n<ul class=\"wp-block-list\"><li>Para ser elegibles, los participantes deben tener disponibilidad para asistir a las sesiones de observaci\u00f3n entre semana durante el horario laboral. Si lo pide con antelaci\u00f3n, podr\u00e1 disponer de servicios limitados de int\u00e9rprete para hispanohablantes.<\/li><\/ul>\n\n\n\n<h3 class=\"wp-block-heading\">Asesoramiento personalizado en su propio centro educativo<\/h3>\n\n\n\n<p>Despu\u00e9s de las sesiones de observaci\u00f3n y el desarrollo de un plan de acci\u00f3n, los consultores de desarrollo infantil de URI estar\u00e1n disponibles para realizar una visita de medio d\u00eda al centro preescolar donde desempe\u00f1a su labor con el fin de apoyarle en la puesta en marcha de su plan de acci\u00f3n y en el alcance de sus objetivos a trav\u00e9s de asesoramiento personalizado y comentarios constructivos sobre su implementaci\u00f3n de estrategias y buenas pr\u00e1cticas.<\/p>\n\n\n\n<p>Por favor, visite nuestra p\u00e1gina web para consultar m\u00e1s informaci\u00f3n sobre el programa y para obtener informaci\u00f3n sobre el proceso de <a href=\"https:\/\/web.uri.edu\/human-development\/outreach-and-research\/early-childhood-institute\/workshops\/\">INSCRIPCI\u00d3N<\/a>.<\/p>\n\n\n\n<p>Esta oportunidad de desarrollo profesional ha sido financiada en parte por una<br><strong>Beca de Desarrollo Preescolar del Departamento de Servicios Humanos <\/strong><br><strong>del estado de Rhode Island.<\/strong><\/p>\n","protected":false},"excerpt":{"rendered":"<p>Oportunidades de Desarrollo Profesional y Asesoramientopara Profesionales de Centros Preescolares Al Departamento de Desarrollo Humano y Estudios de la Familia de la Universidad de Rhode Island le complace ofrecer oportunidades de desarrollo profesional y de asesoramiento GRATUITAS y abiertas a profesionales de educaci\u00f3n infantil de todo nuestro estado. Las oportunidades de desarrollo profesional y asesoramiento [&hellip;]<\/p>\n","protected":false},"author":2097,"featured_media":0,"parent":6757,"menu_order":0,"comment_status":"closed","ping_status":"closed","template":"","meta":{"_acf_changed":false,"footnotes":"","_links_to":"","_links_to_target":""},"class_list":["post-6763","page","type-page","status-publish","hentry"],"acf":[],"_links":{"self":[{"href":"https:\/\/web.uri.edu\/human-development\/wp-json\/wp\/v2\/pages\/6763","targetHints":{"allow":["GET"]}}],"collection":[{"href":"https:\/\/web.uri.edu\/human-development\/wp-json\/wp\/v2\/pages"}],"about":[{"href":"https:\/\/web.uri.edu\/human-development\/wp-json\/wp\/v2\/types\/page"}],"author":[{"embeddable":true,"href":"https:\/\/web.uri.edu\/human-development\/wp-json\/wp\/v2\/users\/2097"}],"replies":[{"embeddable":true,"href":"https:\/\/web.uri.edu\/human-development\/wp-json\/wp\/v2\/comments?post=6763"}],"version-history":[{"count":5,"href":"https:\/\/web.uri.edu\/human-development\/wp-json\/wp\/v2\/pages\/6763\/revisions"}],"predecessor-version":[{"id":13792,"href":"https:\/\/web.uri.edu\/human-development\/wp-json\/wp\/v2\/pages\/6763\/revisions\/13792"}],"up":[{"embeddable":true,"href":"https:\/\/web.uri.edu\/human-development\/wp-json\/wp\/v2\/pages\/6757"}],"wp:attachment":[{"href":"https:\/\/web.uri.edu\/human-development\/wp-json\/wp\/v2\/media?parent=6763"}],"curies":[{"name":"wp","href":"https:\/\/api.w.org\/{rel}","templated":true}]}}