{"id":9290,"date":"2023-09-22T18:46:05","date_gmt":"2023-09-22T22:46:05","guid":{"rendered":"https:\/\/inclusivescicomm.org\/?page_id=9290"},"modified":"2024-09-11T11:03:54","modified_gmt":"2024-09-11T15:03:54","slug":"virtual-agenda","status":"publish","type":"page","link":"https:\/\/web.uri.edu\/inclusivescicomm\/2023-inclusive-scicomm-symposium\/virtual-agenda\/","title":{"rendered":"Virtual Agenda"},"content":{"rendered":"<p><span class=\"s1\"><section class=\"cl-wrapper cl-menu-wrapper\"><nav id=\"\" class=\"cl-menu  \" data-name=\"2023 Symposium\" data-show-title=\"0\"><ul id=\"menu-2023-symposium\" class=\"cl-menu-list cl-menu-list-no-js\"><li id=\"menu-item-9174\" class=\"menu-item menu-item-type-post_type menu-item-object-page menu-item-9174\"><a href=\"https:\/\/web.uri.edu\/inclusivescicomm\/2023-inclusive-scicomm-symposium\/\">About<\/a><\/li>\n<li id=\"menu-item-9298\" class=\"menu-item menu-item-type-post_type menu-item-object-page menu-item-9298\"><a href=\"https:\/\/web.uri.edu\/inclusivescicomm\/2023-inclusive-scicomm-symposium\/virtual-agenda\/\">Virtual Agenda<\/a><\/li>\n<li id=\"menu-item-9299\" class=\"menu-item menu-item-type-post_type menu-item-object-page menu-item-9299\"><a href=\"https:\/\/web.uri.edu\/inclusivescicomm\/2023-inclusive-scicomm-symposium\/2023-in-person-agenda\/\">In-Person Agenda<\/a><\/li>\n<li id=\"menu-item-9034\" class=\"menu-item menu-item-type-post_type menu-item-object-page menu-item-9034\"><a href=\"https:\/\/web.uri.edu\/inclusivescicomm\/2023-inclusive-scicomm-symposium\/2023-symposium-faqs\/\">Symposium FAQs<\/a><\/li>\n<li id=\"menu-item-8890\" class=\"menu-item menu-item-type-post_type menu-item-object-page menu-item-8890\"><a href=\"https:\/\/web.uri.edu\/inclusivescicomm\/2023-inclusive-scicomm-symposium\/2023-symposium-accessibility\/\">Symposium Accessibility<\/a><\/li>\n<li id=\"menu-item-8892\" class=\"menu-item menu-item-type-post_type menu-item-object-page menu-item-8892\"><a href=\"https:\/\/web.uri.edu\/inclusivescicomm\/2023-inclusive-scicomm-symposium\/2023-attendee-agreements\/\">Attendee Agreements<\/a><\/li>\n<li id=\"menu-item-9263\" class=\"menu-item menu-item-type-post_type menu-item-object-post menu-item-9263\"><a href=\"https:\/\/web.uri.edu\/inclusivescicomm\/covid2023\/\">Covid Guidelines<\/a><\/li>\n<li id=\"menu-item-9150\" class=\"menu-item menu-item-type-post_type menu-item-object-page menu-item-9150\"><a href=\"https:\/\/web.uri.edu\/inclusivescicomm\/2023-inclusive-scicomm-symposium\/lodging-and-transportation\/\">Logistics<\/a><\/li>\n<li id=\"menu-item-9030\" class=\"menu-item menu-item-type-post_type menu-item-object-page menu-item-9030\"><a href=\"https:\/\/web.uri.edu\/inclusivescicomm\/2023-inclusive-scicomm-symposium\/2023-sponsors\/\">Sponsors<\/a><\/li>\n<li id=\"menu-item-9163\" class=\"menu-item menu-item-type-post_type menu-item-object-page menu-item-9163\"><a href=\"https:\/\/web.uri.edu\/inclusivescicomm\/2023-inclusive-scicomm-symposium\/2023-keynotes\/\">Keynotes<\/a><\/li>\n<li id=\"menu-item-8891\" class=\"menu-item menu-item-type-post_type menu-item-object-page menu-item-8891\"><a href=\"https:\/\/web.uri.edu\/inclusivescicomm\/2023-inclusive-scicomm-symposium\/2023-planning-committee\/\">Planning Committee<\/a><\/li>\n<li id=\"menu-item-9047\" class=\"menu-item menu-item-type-post_type menu-item-object-page menu-item-9047\"><a href=\"https:\/\/web.uri.edu\/inclusivescicomm\/2023-inclusive-scicomm-symposium\/2023-community-cohort\/\">Community Cohort<\/a><\/li>\n<\/ul><\/nav><\/section><\/span><\/p>\n<p><strong><span class=\"s1\">The 2023 Symposium has now concluded! The below agenda is listed for reference only.<\/span><\/strong><\/p>\n<p><span class=\"s1\">All times are listed in Eastern Time (ET).<br \/>\n<\/span><span class=\"s1\">All of the following sessions take place on the 2023 ISCS Zoom Events platform.<br \/>\n<a href=\"https:\/\/web.uri.edu\/inclusivescicomm\/2023-inclusive-scicomm-symposium\/2023-in-person-agenda\/\">In-person agenda here<\/a>.<\/span><\/p>\n<h1><span class=\"s1\"><b>Friday, September 29, 2023<\/b><\/span><\/h1>\n<p><span class=\"s1\">11:00 &#8211; 11:25 a.m. \u2013 <b>Welcome to ISCS23!<br \/>\n<\/b><\/span><span class=\"s1\">Welcoming Remarks and Introductions with <\/span><span class=\"s1\">Sunshine Menezes<br \/>\n<em>ASL Interpreting provided<\/em><\/span><\/p>\n<p><span class=\"s1\">1<\/span><span class=\"s1\">1:30 a.m. &#8211; 12:30 p.m. \u2013 <b>Concurrent Session 1<\/b> (select one)<\/span><\/p>\n<ul>\n<li><span class=\"s1\">Panel: <strong>Beyond Boundaries: Trust and Inclusion in the Art-Science Interface<br \/>\n<\/strong><\/span><span class=\"s1\">Presenters: Morris, Willett, Zaelzer, Ford<\/span><\/li>\n<li><span class=\"s1\">Presentation and Discussion:<strong> Neuroinclusive Language and Neuroinclusion in the Classroom: An Introduction<br \/>\n<\/strong><\/span><span class=\"s1\">Presenter: Bayeh<br \/>\n<\/span><span class=\"s1\"><em>ASL Interpreting provided<\/em><\/span><\/li>\n<\/ul>\n<p><span class=\"s1\">12:30 &#8211; 1:00 p.m. \u2013 Break<\/span><\/p>\n<p><span class=\"s1\">1:00 &#8211; 2:30 p.m. \u2013 <b>Concurrent Session 2<\/b>&nbsp;<\/span><\/p>\n<ul>\n<li><span class=\"s1\">Workshop: <strong>Storytelling as Intentional Practice for Belonging and Connection.<br \/>\n<\/strong><\/span><span class=\"s1\">Presenter: Ambrogio<br \/>\n<\/span><span class=\"s1\"><em>ASL Interpreting provided<\/em><\/span><\/li>\n<li>Our second session for this day was moved to October 6. Use this opportunity to view the Video Gallery and network informally!<\/li>\n<\/ul>\n<p><span class=\"s1\">2:00 &#8211; 3:00 p.m. \u2013 <b>Networking Session<br \/>\n<\/b>This is an opportunity for attendees to meet and greet around topical and affinity areas. Here are topics for Zoom Room conversations today:<br \/>\n&#8211; Early Career<br \/>\n&#8211; Neurodivergence<br \/>\n&#8211; Art + Science \/ STEAM<br \/>\n&#8211; LGBTQIA+<br \/>\n&#8211; Pets!<\/span><\/p>\n<p>&nbsp;<\/p>\n<h1><span class=\"s1\"><b>Friday, October 6, 2023<\/b><\/span><\/h1>\n<p><span class=\"s1\">11:00 a.m. &#8211; 12:30 p.m. \u2013 <b>Concurrent Session 1<\/b> (select one)<\/span><\/p>\n<ul>\n<li><span class=\"s1\">Praxis Discussion: <strong>Beyond an Invitation: Transforming Race and Sociocultural Inclusion in Science Centres and Museums<br \/>\n<\/strong><\/span><span class=\"s1\">Presenters: Leyman Pino, Mohabir, Rasekoala<\/span><\/li>\n<li><span class=\"s1\">Roundtable: <strong>Disability Justice is Environmental Justice<br \/>\n<\/strong><\/span><span class=\"s1\">Presenters: Lindsay, Bourbonniere, Francis, Davies, Skeels<\/span><\/li>\n<li><span class=\"s1\">Panel: <strong>Innovations in Inclusive Environmental Communication<br \/>\n<\/strong>(1) Metaphors Be With You: Alternative Frameworks for Communicating about Invasive Species; (2) Making the Language of Place More Inclusive: Examples from U.S. National Parks.<br \/>\n<\/span>Presenters: Lower; Schmitt, Cohen, Gostomski<\/li>\n<li><strong>Self-Compassion Meditation<\/strong>. (11-11:30am) Phoebe Neel.&nbsp;<\/li>\n<\/ul>\n<p><span class=\"s1\">12:30 &#8211; 1:00 p.m. \u2013 Break<\/span><\/p>\n<p><span class=\"s1\">1:00 &#8211; 2:30 p.m. \u2013 <b>Concurrent Session 2<\/b> (select one)<\/span><\/p>\n<ul>\n<li><span class=\"s1\">Panel: <strong>Building Equitable Reporting Partnerships with Legacy Media<br \/>\n<\/strong><\/span><span class=\"s1\">Presenters: Sofia, Bennett-Begaye, Adair<\/span><\/li>\n<li><span class=\"s1\">Panel: <strong>Inclusion in Museums and Zoos<br \/>\n<\/strong>(1) Assessing Accessibility and Visitors with Disabilities Experiences in Online Museums and Exhibitions; (2) Deaf Community in Brazilian Science Museums: Creation of a Sign Language Glossary as a Way of Engaging Audience; (3) &#8220;Native Route&#8221;: Exploring the Relationship between Environmental Learning, Art and Wellbeing with Older Adults.<br \/>\n<\/span><span class=\"s1\">Presenters: Marinho, Norberto Rocha; Norberto Rocha, Sehnem Heck; Pohl, Venegas, Caleder\u00f3n<\/span><span class=\"s1\">&nbsp;<\/span><\/li>\n<li><span class=\"s1\">Workshop: <strong>Just Language: Designing Inclusive Spaces for Learning and Working in the Field of Ecology, Starting with Our Language<br \/>\n<\/strong><\/span><span class=\"s1\">Presenters: Bunch, Caref<\/span><\/li>\n<\/ul>\n<p><span class=\"s1\">2:00 &#8211; 3:00 p.m. \u2013 <b>Networking Session<br \/>\n<\/b>This is an opportunity for attendees to meet and greet around topical and affinity areas. Here are topics for Zoom Room conversations today:<br \/>\n&#8211; Early Career<br \/>\n<\/span><span style=\"font-weight: 400\">&#8211; Black, Indigenous, and other SciCommers of Color<br \/>\n<\/span><span style=\"font-weight: 400\">&#8211; Museums<br \/>\n<\/span><span style=\"font-weight: 400\">&#8211; Youth and after-school programs<\/span><span style=\"font-weight: 400\"><br \/>\n<\/span><span style=\"font-weight: 400\">&#8211; Climate change<\/span><\/p>\n<p>&nbsp;<\/p>\n<h1><span class=\"s1\"><b>Friday, October 13, 2023<\/b><\/span><\/h1>\n<p><span class=\"s1\">11:00 a.m. &#8211; 12:30 p.m. \u2013 <b>Concurrent Session 1<\/b> (select one)<\/span><\/p>\n<ul>\n<li><span class=\"s1\">Roundtable: <strong>Blurring Global North\/South Boundaries \u2013 Science Communication Perspectives and Practices in Mainstreaming Epistemic Diversity, Decolonisation and Multilingualism<br \/>\n<\/strong><\/span><span class=\"s1\">Presenters: Gavhi-Molefe, Odon, Viana, Guti\u00e9rrez-Ram\u00edrez, Kankaria<\/span><\/li>\n<li><span class=\"s1\">Community Building: <strong>Generating Resources for Inclusive Community Engagement<\/strong><br \/>\n<\/span><span class=\"s1\">Presenters: Venturini, Missimer<\/span><\/li>\n<li><span class=\"s1\">Workshop: <strong>Testing and Improving a Co-created Framework to Embed the Key Traits of Inclusive Scicomm in Science Communication Training, Practice, and Evaluation<br \/>\n<\/strong><\/span><span class=\"s1\">Presenters: Weiss, Callwood, Kelp, Cruz-Viaccia<\/span><\/li>\n<li><strong>Fireside Chats with Video Gallery Presenters<\/strong>: Join Ashley Anderson, Taormina Lepore, and Robin Craig to chat about the work presented in their videos<\/li>\n<\/ul>\n<p><span class=\"s1\">12:30 &#8211; 1:00 p.m. \u2013 Break<\/span><\/p>\n<p><span class=\"s1\">1:00 &#8211; 2:00 p.m. \u2013 <b>Concurrent Session 2<\/b> (select one)<\/span><\/p>\n<ul>\n<li><span class=\"s1\">Panel: <strong>Centering Racial and Cultural Identity in Inclusive Science Communication<br \/>\n<\/strong><\/span><span class=\"s1\">Presenters: Brown, Watt, Mccarrell, Luther, Peczuh, Peredes-Beaulieu, Kufeyani<\/span><\/li>\n<li><span class=\"s1\">Workshop: <strong>How to Create an Inclusive Language Style Guide<br \/>\n<\/strong><\/span><span class=\"s1\">Presenters: Espinoza, Apodaca<\/span><\/li>\n<li><span class=\"s1\">Workshop: <strong>Reflexivity: A Tool for Inclusive Science Communication<br \/>\n<\/strong><\/span><span class=\"s1\">Presenters: L\u00f3pez, Feli\u00fa-M\u00f3jer<\/span><\/li>\n<li><strong>Self Compassion Meditation<\/strong>, (1-1:30pm) Phoebe Neel.<\/li>\n<\/ul>\n<p><span class=\"s1\">2:00 &#8211; 3:00 p.m. \u2013 <b>Networking Session<br \/>\n<\/b><\/span><span class=\"s1\">This is an opportunity for attendees to meet and greet around topical and affinity areas. Here are topics for Zoom Room conversations today:<br \/>\n&#8211; Early Career<br \/>\n&#8211; Multilingual SciComm<br \/>\n&#8211; Disability and Accessible SciComm<br \/>\n&#8211; Community Engagement<br \/>\n&#8211; LGBTQIA+<br \/>\n&#8211; Public Health<\/span><\/p>\n<p><strong>Fireside Chats with Video Gallery Presenters<\/strong>: Join Jaclyn Witterschein, Jenny Tilsen, Andrea Isabel L\u00f3pez and Amber Neville to chat about the work presented in their videos.<\/p>\n<h1><span class=\"s1\"><b><br \/>\nNovember 3, 2023<\/b><\/span><\/h1>\n<p><span class=\"s1\">11:00 &#8211; 12:30 p.m. \u2013 <b>Concurrent Session 1<\/b> (select one)<\/span><\/p>\n<ul>\n<li><span class=\"s1\">11:00 a.m. -12:00 p.m.<strong><br \/>\n<\/strong>Panel: <strong>Centering Disabled Perspectives on Communication<br \/>\n<\/strong><\/span><span class=\"s1\">Presenter: Serrato Marks<br \/>\n<\/span><em>ASL interpreter will be present<\/em><\/li>\n<li><span class=\"s1\">11:00 a.m. -12:00 p.m.<\/span><br \/>\nRoundtable: <strong>Everyone, Everywhere, All at Once: Creating Inclusive SciComm Spaces for Historically-Excluded Communities.<\/strong><br \/>\nPresenters: Bashir, Chappell, Sylvestre, Chavez Melendez, Lincez<\/li>\n<li><span class=\"s1\">11:00 a.m. -12:00 p.m.<br \/>\nPraxis Discussion: <\/span><strong><span class=\"s1\">The Role of Language Choices in Responding to Climate Change in Alaska<br \/>\n<\/span><\/strong><span class=\"s1\">Presenters: Timm, Chase, Kelly<\/span><\/li>\n<li><span class=\"s1\">11:00 a.m. -12:30 p.m.<\/span><strong><span class=\"s1\"><br \/>\n<\/span><\/strong>Panel: <strong>Lessons in Community Engagement<br \/>\n<\/strong>(1) Engaging the Public with Science through Community-based Art Collaborations; (2) Lessons Learned from Engaging Community Leaders in Puerto Rico with Science; (3) Lessons Learned: The Role of Civil Society Organizations as Multi-lingual Community-based Knowledge Brokers During the Pandemic.<br \/>\nPresenters: Mayers, Katner; Feli\u00fa-M\u00f3jer; Nicol, Smith<br \/>\n<em>ASL interpreters will be present<\/em><\/li>\n<li><em><span class=\"s1\">CANCELLED:<br \/>\n11:00 a.m. -12:30 p.m.<br \/>\n<\/span>Workshop: <strong>Putting Participants First: A Culturally Relevant Approach to SciComm Evaluation<br \/>\n<\/strong>Presenter: Valdez-Ward, L\u00f3pez<\/em><\/li>\n<\/ul>\n<p><span class=\"s1\">12:30 &#8211; 1:00 p.m. \u2013 Break<\/span><\/p>\n<p><span class=\"s1\">1:00 &#8211; 2:30 p.m. \u2013 <b>Town Hall:<\/b> <\/span><strong><span class=\"s1\">Planning for the Future of the Inclusive SciComm Symposium<br \/>\n<\/span><\/strong><span class=\"s1\">Moderators: Aguirre, Baker<br \/>\n<\/span><em style=\"font-family: Charter, Georgia, serif;font-size: 20px\">ASL interpreters will be present<\/em><\/p>\n<h6><span class=\"s1\">Last updated: September 28, 2023<\/span><\/h6>\n","protected":false},"excerpt":{"rendered":"<p>The 2023 Symposium has now concluded! The below agenda is listed for reference only. All times are listed in Eastern Time (ET). All of the following sessions take place on the 2023 ISCS Zoom Events platform. In-person agenda here. Friday, September 29, 2023 11:00 &#8211; 11:25 a.m. \u2013 Welcome to ISCS23! Welcoming Remarks and Introductions [&hellip;]<\/p>\n","protected":false},"author":2201,"featured_media":0,"parent":8836,"menu_order":0,"comment_status":"closed","ping_status":"closed","template":"","meta":{"_acf_changed":false,"footnotes":"","_links_to":"","_links_to_target":""},"class_list":["post-9290","page","type-page","status-publish","hentry"],"acf":[],"_links":{"self":[{"href":"https:\/\/web.uri.edu\/inclusivescicomm\/wp-json\/wp\/v2\/pages\/9290","targetHints":{"allow":["GET"]}}],"collection":[{"href":"https:\/\/web.uri.edu\/inclusivescicomm\/wp-json\/wp\/v2\/pages"}],"about":[{"href":"https:\/\/web.uri.edu\/inclusivescicomm\/wp-json\/wp\/v2\/types\/page"}],"author":[{"embeddable":true,"href":"https:\/\/web.uri.edu\/inclusivescicomm\/wp-json\/wp\/v2\/users\/2201"}],"replies":[{"embeddable":true,"href":"https:\/\/web.uri.edu\/inclusivescicomm\/wp-json\/wp\/v2\/comments?post=9290"}],"version-history":[{"count":8,"href":"https:\/\/web.uri.edu\/inclusivescicomm\/wp-json\/wp\/v2\/pages\/9290\/revisions"}],"predecessor-version":[{"id":9432,"href":"https:\/\/web.uri.edu\/inclusivescicomm\/wp-json\/wp\/v2\/pages\/9290\/revisions\/9432"}],"up":[{"embeddable":true,"href":"https:\/\/web.uri.edu\/inclusivescicomm\/wp-json\/wp\/v2\/pages\/8836"}],"wp:attachment":[{"href":"https:\/\/web.uri.edu\/inclusivescicomm\/wp-json\/wp\/v2\/media?parent=9290"}],"curies":[{"name":"wp","href":"https:\/\/api.w.org\/{rel}","templated":true}]}}