{"id":316,"date":"2013-09-20T17:51:27","date_gmt":"2013-09-20T17:51:27","guid":{"rendered":"https:\/\/web.uri.edu\/languages\/?page_id=316"},"modified":"2019-01-04T14:11:40","modified_gmt":"2019-01-04T14:11:40","slug":"french-study-abroad","status":"publish","type":"page","link":"https:\/\/web.uri.edu\/languages\/academics\/french\/french-study-abroad\/","title":{"rendered":"French Study Abroad"},"content":{"rendered":"<h1>B.A. in French<\/h1>\n<section class=\"cl-wrapper cl-menu-wrapper\"><nav id=\"\" class=\"cl-menu  \" data-name=\"french\" data-show-title=\"0\"><ul id=\"menu-french\" class=\"cl-menu-list cl-menu-list-no-js\"><li id=\"menu-item-3241\" class=\"menu-item menu-item-type-post_type menu-item-object-page menu-item-3241\"><a href=\"https:\/\/web.uri.edu\/languages\/academics\/french\/\">Overview<\/a><\/li>\n<li id=\"menu-item-3244\" class=\"menu-item menu-item-type-post_type menu-item-object-page menu-item-3244\"><a href=\"https:\/\/web.uri.edu\/languages\/academics\/french\/curriculum\/\">Curriculum<\/a><\/li>\n<li id=\"menu-item-5589\" class=\"menu-item menu-item-type-post_type menu-item-object-page menu-item-5589\"><a href=\"https:\/\/web.uri.edu\/languages\/academics\/french\/immersion\/\">Immersion<\/a><\/li>\n<li id=\"menu-item-3250\" class=\"menu-item menu-item-type-post_type menu-item-object-page menu-item-3250\"><a href=\"https:\/\/web.uri.edu\/languages\/academics\/french\/french-study-abroad\/\">Study Abroad<\/a><\/li>\n<li id=\"menu-item-6610\" class=\"menu-item menu-item-type-post_type menu-item-object-page menu-item-6610\"><a href=\"https:\/\/web.uri.edu\/languages\/academics\/french\/scholarships\/\">Scholarships<\/a><\/li>\n<li id=\"menu-item-3247\" class=\"menu-item menu-item-type-post_type menu-item-object-page menu-item-3247\"><a href=\"https:\/\/web.uri.edu\/languages\/academics\/french\/faculty\/\">Faculty<\/a><\/li>\n<\/ul><\/nav><\/section>\n<h2>Study Abroad<\/h2>\n<figure id=\"attachment_5553\" aria-describedby=\"caption-attachment-5553\" style=\"width: 364px\" class=\"wp-caption alignright\"><img loading=\"lazy\" decoding=\"async\" src=\"https:\/\/web.uri.edu\/wp-content\/uploads\/sites\/1175\/Sarah-hanselman-with-the-louvre-pyramide-364x273.jpg\" alt=\"Student posing near the louvre pyramid\" width=\"364\" height=\"273\" class=\"size-third_column wp-image-5553\" srcset=\"https:\/\/web.uri.edu\/languages\/wp-content\/uploads\/sites\/1175\/Sarah-hanselman-with-the-louvre-pyramide-364x273.jpg 364w, https:\/\/web.uri.edu\/languages\/wp-content\/uploads\/sites\/1175\/Sarah-hanselman-with-the-louvre-pyramide-300x225.jpg 300w, https:\/\/web.uri.edu\/languages\/wp-content\/uploads\/sites\/1175\/Sarah-hanselman-with-the-louvre-pyramide-500x375.jpg 500w, https:\/\/web.uri.edu\/languages\/wp-content\/uploads\/sites\/1175\/Sarah-hanselman-with-the-louvre-pyramide.jpg 720w\" sizes=\"auto, (max-width: 364px) 100vw, 364px\" \/><figcaption id=\"caption-attachment-5553\" class=\"wp-caption-text\">The Louvre Pyramid, Paris: Photograph by Sarah Hanselman<\/figcaption><\/figure>\n<p>Our students study abroad most often in their junior year, but sometimes during their senior year and sometimes during their sophomore year. French International Engineering Program students spend the fourth year of their five-year program in France.<\/p>\n<h3>Semester and Year-long Direct Exchange Programs<\/h3>\n<p>We recommend our exchange partners because these programs offer the best value for our students. We have exchanges at the Universit\u00e9 de Technologie de Compi\u00e8gne fifty minutes north of Paris; at the Universit\u00e9 de Rennes and Sciences Po in Rennes, in the east of Brittany in northwestern France; and at the Universit\u00e9 Laval in Quebec City, Qu\u00e9bec. You simply pay tuition and fees as usual at URI, but attend courses at our partner schools. As an added bonus, if you pay out-of-state tuition, you are granted in-state tuition during the time you study on an exchange. <\/p>\n<h3>Sciences Po Rennes<\/h3>\n<p><a href=\"http:\/\/www.sciencespo-rennes.fr\/en\/about-the-institute.html\">Sciences Po<\/a> in Rennes, France is part of the prestigious network of Instituts des Etudes Politiques.<\/p>\n<h3>Universit\u00e9 de Technologie de Compi\u00e8gne<\/h3>\n<p>The <a href=\"http:\/\/www.utc.fr\/the_university\/index.php\" target=\"_blank\">Universit\u00e9 de Technologie de Compi\u00e8gne<\/a>, a technical university less than an hour north of Paris, is perfect for engineering students.<\/p>\n<h3>Universit\u00e9 de Rennes I<\/h3>\n<p>The <a href=\"https:\/\/international.univ-rennes1.fr\/welcome-universite-de-rennes-1\">Universit\u00e9 de Rennes I<\/a> is a comprehensive university in the dynamic city of Rennes with lot to offer students of all academic disciplines.<\/p>\n<h3>Universit\u00e9 Laval<\/h3>\n<p>The <a href=\"http:\/\/www2.ulaval.ca\/en\/home.html\" target=\"_blank\">Universit\u00e9 Laval<\/a>, in the city of Qu\u00e9bec, Canada, welcomes our humanities, business, and engineering students.<\/p>\n<h3>Summer Study<\/h3>\n<p>There are frequently summer study abroad courses available to French students. Past destinations have included Qu\u00e9bec City and Rennes, France. <\/p>\n<h3>January J-Term French Courses<\/h3>\n<p>French faculty occasionally offer J-Term courses. Past offerings have included Compi\u00e8gne, Lyon, and Paris.<\/p>\n<p>For more information about these and other study abroad opportunities, please visit the\u00a0<a href=\"https:\/\/www.uri.edu\/international\/\">Office of International Education<\/a>\u00a0website.<\/p>\n<p>&nbsp;<\/p>\n","protected":false},"excerpt":{"rendered":"<p>B.A. in French Study Abroad Our students study abroad most often in their junior year, but sometimes during their senior year and sometimes during their sophomore year. French International Engineering Program students spend the fourth year of their five-year program in France. Semester and Year-long Direct Exchange Programs We recommend our exchange partners because these [&hellip;]<\/p>\n","protected":false},"author":581,"featured_media":0,"parent":161,"menu_order":0,"comment_status":"closed","ping_status":"closed","template":"","meta":{"_acf_changed":false,"footnotes":"","_links_to":"","_links_to_target":""},"class_list":["post-316","page","type-page","status-publish","hentry"],"acf":[],"_links":{"self":[{"href":"https:\/\/web.uri.edu\/languages\/wp-json\/wp\/v2\/pages\/316","targetHints":{"allow":["GET"]}}],"collection":[{"href":"https:\/\/web.uri.edu\/languages\/wp-json\/wp\/v2\/pages"}],"about":[{"href":"https:\/\/web.uri.edu\/languages\/wp-json\/wp\/v2\/types\/page"}],"author":[{"embeddable":true,"href":"https:\/\/web.uri.edu\/languages\/wp-json\/wp\/v2\/users\/581"}],"replies":[{"embeddable":true,"href":"https:\/\/web.uri.edu\/languages\/wp-json\/wp\/v2\/comments?post=316"}],"version-history":[{"count":6,"href":"https:\/\/web.uri.edu\/languages\/wp-json\/wp\/v2\/pages\/316\/revisions"}],"predecessor-version":[{"id":7807,"href":"https:\/\/web.uri.edu\/languages\/wp-json\/wp\/v2\/pages\/316\/revisions\/7807"}],"up":[{"embeddable":true,"href":"https:\/\/web.uri.edu\/languages\/wp-json\/wp\/v2\/pages\/161"}],"wp:attachment":[{"href":"https:\/\/web.uri.edu\/languages\/wp-json\/wp\/v2\/media?parent=316"}],"curies":[{"name":"wp","href":"https:\/\/api.w.org\/{rel}","templated":true}]}}