{"id":339,"date":"2013-09-20T18:40:19","date_gmt":"2013-09-20T18:40:19","guid":{"rendered":"https:\/\/web.uri.edu\/languages\/?page_id=339"},"modified":"2025-06-12T13:29:46","modified_gmt":"2025-06-12T13:29:46","slug":"german-study-abroad","status":"publish","type":"page","link":"https:\/\/web.uri.edu\/languages\/academics\/german\/german-study-abroad\/","title":{"rendered":"German Study Abroad"},"content":{"rendered":"<h1>B.A. in German<\/h1>\n<section class=\"cl-wrapper cl-menu-wrapper\"><nav id=\"\" class=\"cl-menu  \" data-name=\"german\" data-show-title=\"0\"><ul id=\"menu-german\" class=\"cl-menu-list cl-menu-list-no-js\"><li id=\"menu-item-3613\" class=\"menu-item menu-item-type-post_type menu-item-object-page menu-item-3613\"><a href=\"https:\/\/web.uri.edu\/languages\/academics\/german\/\">Overview<\/a><\/li>\n<li id=\"menu-item-3616\" class=\"menu-item menu-item-type-post_type menu-item-object-page menu-item-3616\"><a href=\"https:\/\/web.uri.edu\/languages\/academics\/german\/curriculum\/\">Curriculum<\/a><\/li>\n<li id=\"menu-item-3625\" class=\"menu-item menu-item-type-post_type menu-item-object-page menu-item-3625\"><a href=\"https:\/\/web.uri.edu\/languages\/academics\/german\/immersion\/\">Immersion<\/a><\/li>\n<li id=\"menu-item-3622\" class=\"menu-item menu-item-type-post_type menu-item-object-page menu-item-3622\"><a href=\"https:\/\/web.uri.edu\/languages\/academics\/german\/german-study-abroad\/\">Study Abroad<\/a><\/li>\n<li id=\"menu-item-6619\" class=\"menu-item menu-item-type-post_type menu-item-object-page menu-item-6619\"><a href=\"https:\/\/web.uri.edu\/languages\/academics\/german\/scholarships\/\">Scholarships<\/a><\/li>\n<li id=\"menu-item-3619\" class=\"menu-item menu-item-type-post_type menu-item-object-page menu-item-3619\"><a href=\"https:\/\/web.uri.edu\/languages\/academics\/german\/german-faculty\/\">Faculty<\/a><\/li>\n<\/ul><\/nav><\/section>\n<h2>Study Abroad<\/h2>\n<p>URI maintains several partnerships with universities in Germany, each geared towards a specific field of interest of our students.<\/p>\n<h3>German International Engineering Program<\/h3>\n<p>Our IEP students, depending on their engineering specialty, study abroad at the Technische Universit\u00e4t Braunschweig or the Technische Universit\u00e4t Darmstadt.<\/p>\n<h4>Technische Universit\u00e4t Braunschweig<\/h4>\n<p><a href=\"https:\/\/www.tu-braunschweig.de\/\" target=\"_blank\" rel=\"noopener\">Technische Universit\u00e4t Braunschweig<\/a> has developed innovative teaching techniques centered around their core research areas.<\/p>\n<h4>Technische Universit\u00e4t Darmstadt<\/h4>\n<p><a href=\"https:\/\/www.tu-darmstadt.de\/index.en.jsp\" target=\"_blank\" rel=\"noopener\">Technische Universit\u00e4t Darmstadt<\/a> is known for combining outstanding research with robust practical applicability preparing students from around the world for careers in science and business.<\/p>\n<a class=\"cl-button block-level \" href=\"https:\/\/web.uri.edu\/engineering\/academics\/iep\/year-abroad\/\" title=\"\">IEP Study Abroad<\/a>\n<hr>\n<h3>German International Business Program<\/h3>\n<p>German IBP students study at the <a href=\"https:\/\/www.haw-hamburg.de\/english.html\" target=\"_blank\" rel=\"noopener\">Hamburg University of Applied Sciences<\/a>, a university with an excellent reputation and close links to industry and research that is located in a beautiful, international city.<\/p>\n<a class=\"cl-button block-level \" href=\"https:\/\/web.uri.edu\/business\/international-business-program\/\" title=\"\">IBP Information<\/a>\n<hr>\n<h3>German International Studies and Diplomacy Program<\/h3>\n<p>International Studies and Diplomacy Program students have a study abroad option at the&nbsp;<a href=\"https:\/\/www.uni-jena.de\/en\" target=\"_blank\" rel=\"noopener\" data-saferedirecturl=\"https:\/\/www.google.com\/url?q=https:\/\/urldefense.com\/v3\/__https:\/\/www.uni-jena.de\/en__;!!Jh1S!iKAqlmjqvXmRTghfE8cnBBMJyzsPybOoOyIbchlOSS3hzi3soq3CBgzo_sWfqlWYKJR4liKD5hlHbSRJPDY$&amp;source=gmail&amp;ust=1749820788901000&amp;usg=AOvVaw3UCiZ9AHi6lrb_21ZxpBZ3\">Friedrich Schiller University Jena<\/a>&nbsp;in Germany. Check the ISD web page for details.<\/p>\n<a class=\"cl-button  \" href=\"https:\/\/web.uri.edu\/politicalscience\/academics\/isd-program\/\" title=\"\">ISD Information<\/a>\n","protected":false},"excerpt":{"rendered":"<p>B.A. in German Study Abroad URI maintains several partnerships with universities in Germany, each geared towards a specific field of interest of our students. German International Engineering Program Our IEP students, depending on their engineering specialty, study abroad at the Technische Universit\u00e4t Braunschweig or the Technische Universit\u00e4t Darmstadt. Technische Universit\u00e4t Braunschweig Technische Universit\u00e4t Braunschweig has [&hellip;]<\/p>\n","protected":false},"author":581,"featured_media":0,"parent":103,"menu_order":0,"comment_status":"closed","ping_status":"closed","template":"","meta":{"_acf_changed":false,"footnotes":"","_links_to":"","_links_to_target":""},"class_list":["post-339","page","type-page","status-publish","hentry"],"acf":[],"_links":{"self":[{"href":"https:\/\/web.uri.edu\/languages\/wp-json\/wp\/v2\/pages\/339","targetHints":{"allow":["GET"]}}],"collection":[{"href":"https:\/\/web.uri.edu\/languages\/wp-json\/wp\/v2\/pages"}],"about":[{"href":"https:\/\/web.uri.edu\/languages\/wp-json\/wp\/v2\/types\/page"}],"author":[{"embeddable":true,"href":"https:\/\/web.uri.edu\/languages\/wp-json\/wp\/v2\/users\/581"}],"replies":[{"embeddable":true,"href":"https:\/\/web.uri.edu\/languages\/wp-json\/wp\/v2\/comments?post=339"}],"version-history":[{"count":5,"href":"https:\/\/web.uri.edu\/languages\/wp-json\/wp\/v2\/pages\/339\/revisions"}],"predecessor-version":[{"id":11180,"href":"https:\/\/web.uri.edu\/languages\/wp-json\/wp\/v2\/pages\/339\/revisions\/11180"}],"up":[{"embeddable":true,"href":"https:\/\/web.uri.edu\/languages\/wp-json\/wp\/v2\/pages\/103"}],"wp:attachment":[{"href":"https:\/\/web.uri.edu\/languages\/wp-json\/wp\/v2\/media?parent=339"}],"curies":[{"name":"wp","href":"https:\/\/api.w.org\/{rel}","templated":true}]}}