{"id":430,"date":"2013-09-20T20:37:32","date_gmt":"2013-09-20T20:37:32","guid":{"rendered":"https:\/\/web.uri.edu\/languages\/?page_id=430"},"modified":"2018-12-10T14:51:24","modified_gmt":"2018-12-10T14:51:24","slug":"faculty","status":"publish","type":"page","link":"https:\/\/web.uri.edu\/languages\/academics\/spanish\/faculty\/","title":{"rendered":"Spanish Faculty"},"content":{"rendered":"<h1>B.A. in Spanish<\/h1>\n<section class=\"cl-wrapper cl-menu-wrapper\"><nav id=\"\" class=\"cl-menu  \" data-name=\"spanish\" data-show-title=\"0\"><ul id=\"menu-spanish\" class=\"cl-menu-list cl-menu-list-no-js\"><li id=\"menu-item-3817\" class=\"menu-item menu-item-type-post_type menu-item-object-page menu-item-3817\"><a href=\"https:\/\/web.uri.edu\/languages\/academics\/spanish\/\">Overview<\/a><\/li>\n<li id=\"menu-item-3820\" class=\"menu-item menu-item-type-post_type menu-item-object-page menu-item-3820\"><a href=\"https:\/\/web.uri.edu\/languages\/academics\/spanish\/ba-curriculum\/\">Curriculum<\/a><\/li>\n<li id=\"menu-item-5926\" class=\"menu-item menu-item-type-post_type menu-item-object-page menu-item-5926\"><a href=\"https:\/\/web.uri.edu\/languages\/academics\/spanish\/immersion\/\">Immersion<\/a><\/li>\n<li id=\"menu-item-3826\" class=\"menu-item menu-item-type-post_type menu-item-object-page menu-item-3826\"><a href=\"https:\/\/web.uri.edu\/languages\/academics\/spanish\/study-abroad\/\">Study Abroad<\/a><\/li>\n<li id=\"menu-item-6901\" class=\"menu-item menu-item-type-post_type menu-item-object-page menu-item-6901\"><a href=\"https:\/\/web.uri.edu\/languages\/academics\/spanish\/scholarships\/\">Scholarships<\/a><\/li>\n<li id=\"menu-item-3823\" class=\"menu-item menu-item-type-post_type menu-item-object-page menu-item-3823\"><a href=\"https:\/\/web.uri.edu\/languages\/academics\/spanish\/faculty\/\">Faculty<\/a><\/li>\n<\/ul><\/nav><\/section>\n<h2>Faculty<\/h2>\n<\/p>\n<div class=\"uri-people-tool cl-tiles halves\"><div class=\"peopleitem h-card has-thumbnail\">\n\t<header>\n\t\t<div class=\"header\">\n\t\t\t\t\t\t<figure>\n\t\t\t\t\t\t\t\t\t<a href=\"https:\/\/web.uri.edu\/languages\/meet\/susana-de-los-heros\/\"><img loading=\"lazy\" decoding=\"async\" width=\"400\" height=\"400\" src=\"https:\/\/web.uri.edu\/languages\/wp-content\/uploads\/sites\/1175\/delosheros-1.jpg\" class=\"u-photo  wp-post-image\" alt=\"\" srcset=\"https:\/\/web.uri.edu\/languages\/wp-content\/uploads\/sites\/1175\/delosheros-1.jpg 400w, https:\/\/web.uri.edu\/languages\/wp-content\/uploads\/sites\/1175\/delosheros-1-150x150.jpg 150w, https:\/\/web.uri.edu\/languages\/wp-content\/uploads\/sites\/1175\/delosheros-1-300x300.jpg 300w, https:\/\/web.uri.edu\/languages\/wp-content\/uploads\/sites\/1175\/delosheros-1-364x364.jpg 364w\" sizes=\"auto, (max-width: 400px) 100vw, 400px\" \/><\/a>\n\t\t\t\t\t\t\t<\/figure>\n\t\t\t\n\t\t\t\t\t\t\t<h3 class=\"p-name\"><a href=\"https:\/\/web.uri.edu\/languages\/meet\/susana-de-los-heros\/\">Susana de los Heros<\/a><\/h3>\n\t\t\t\n\t\t\t\n\t\t<\/div>\n\t<\/header>\n\t<div class=\"inside\">\n\n\t\t<p class=\"people-title p-job-title\">Professor of Spanish<\/p>\n\t\t\n\t\t\t\t<p class=\"people-department\"><\/p>\n\t\t\n\t\t\n\t\t\t\t\t<p class=\"people-misc\"><a class=\"u-email\" href=\"mailto:sheros@uri.edu\">sheros@uri.edu<\/a><\/p>\n\t\t\n\t\t<div style=\"clear:both;\"><\/div>\n\t<\/div>\n<\/div>\n<div class=\"peopleitem h-card has-thumbnail\">\n\t<header>\n\t\t<div class=\"header\">\n\t\t\t\t\t\t<figure>\n\t\t\t\t\t\t\t\t\t<a href=\"https:\/\/web.uri.edu\/languages\/meet\/judy-de-oliveira\/\"><img loading=\"lazy\" decoding=\"async\" width=\"400\" height=\"400\" src=\"https:\/\/web.uri.edu\/languages\/wp-content\/uploads\/sites\/1175\/Judy-DeOliveria.jpg\" class=\"u-photo  wp-post-image\" alt=\"Judy DeOliveria\" srcset=\"https:\/\/web.uri.edu\/languages\/wp-content\/uploads\/sites\/1175\/Judy-DeOliveria.jpg 400w, https:\/\/web.uri.edu\/languages\/wp-content\/uploads\/sites\/1175\/Judy-DeOliveria-150x150.jpg 150w, https:\/\/web.uri.edu\/languages\/wp-content\/uploads\/sites\/1175\/Judy-DeOliveria-300x300.jpg 300w, https:\/\/web.uri.edu\/languages\/wp-content\/uploads\/sites\/1175\/Judy-DeOliveria-364x364.jpg 364w\" sizes=\"auto, (max-width: 400px) 100vw, 400px\" \/><\/a>\n\t\t\t\t\t\t\t<\/figure>\n\t\t\t\n\t\t\t\t\t\t\t<h3 class=\"p-name\"><a href=\"https:\/\/web.uri.edu\/languages\/meet\/judy-de-oliveira\/\">Judy de Oliveira<\/a><\/h3>\n\t\t\t\n\t\t\t\n\t\t<\/div>\n\t<\/header>\n\t<div class=\"inside\">\n\n\t\t<p class=\"people-title p-job-title\">Associate Teaching Professor of Spanish and Coordinator<\/p>\n\t\t\n\t\t\t\t<p class=\"people-department\"><\/p>\n\t\t\n\t\t\n\t\t\t\t\t<p class=\"people-misc\"><a class=\"u-email\" href=\"mailto:judyd@uri.edu\">judyd@uri.edu<\/a><\/p>\n\t\t\n\t\t<div style=\"clear:both;\"><\/div>\n\t<\/div>\n<\/div>\n<div class=\"peopleitem h-card has-thumbnail\">\n\t<header>\n\t\t<div class=\"header\">\n\t\t\t\t\t\t<figure>\n\t\t\t\t\t\t\t\t\t<a href=\"https:\/\/web.uri.edu\/languages\/meet\/megan-echevarria\/\"><img loading=\"lazy\" decoding=\"async\" width=\"400\" height=\"400\" src=\"https:\/\/web.uri.edu\/languages\/wp-content\/uploads\/sites\/1175\/Megan_Echevarria.jpg\" class=\"u-photo  wp-post-image\" alt=\"\" srcset=\"https:\/\/web.uri.edu\/languages\/wp-content\/uploads\/sites\/1175\/Megan_Echevarria.jpg 400w, https:\/\/web.uri.edu\/languages\/wp-content\/uploads\/sites\/1175\/Megan_Echevarria-300x300.jpg 300w, https:\/\/web.uri.edu\/languages\/wp-content\/uploads\/sites\/1175\/Megan_Echevarria-150x150.jpg 150w, https:\/\/web.uri.edu\/languages\/wp-content\/uploads\/sites\/1175\/Megan_Echevarria-364x364.jpg 364w\" sizes=\"auto, (max-width: 400px) 100vw, 400px\" \/><\/a>\n\t\t\t\t\t\t\t<\/figure>\n\t\t\t\n\t\t\t\t\t\t\t<h3 class=\"p-name\"><a href=\"https:\/\/web.uri.edu\/languages\/meet\/megan-echevarria\/\">Megan Echevarria<\/a><\/h3>\n\t\t\t\n\t\t\t\n\t\t<\/div>\n\t<\/header>\n\t<div class=\"inside\">\n\n\t\t<p class=\"people-title p-job-title\">Associate Director for Grants, Program Development and Global Internship Network for the International Engineering Program, \tDirector, Spanish International Engineering Program, Professor, Spanish and Film\/Media <\/p>\n\t\t\n\t\t\t\t<p class=\"people-department\"><\/p>\n\t\t\n\t\t\n\t\t\t\t\t<p class=\"people-misc\"><span class=\"p-tel\">401.874.4698<\/span> <br> <a class=\"u-email\" href=\"mailto:mertxe@uri.edu\">mertxe@uri.edu<\/a><\/p>\n\t\t\n\t\t<div style=\"clear:both;\"><\/div>\n\t<\/div>\n<\/div>\n<div class=\"peopleitem h-card has-thumbnail\">\n\t<header>\n\t\t<div class=\"header\">\n\t\t\t\t\t\t<figure>\n\t\t\t\t\t\t\t\t\t<a href=\"https:\/\/web.uri.edu\/languages\/meet\/millie-howe\/\"><img loading=\"lazy\" decoding=\"async\" width=\"400\" height=\"400\" src=\"https:\/\/web.uri.edu\/languages\/wp-content\/uploads\/sites\/1175\/MillieHowe.jpg\" class=\"u-photo  wp-post-image\" alt=\"\" srcset=\"https:\/\/web.uri.edu\/languages\/wp-content\/uploads\/sites\/1175\/MillieHowe.jpg 400w, https:\/\/web.uri.edu\/languages\/wp-content\/uploads\/sites\/1175\/MillieHowe-150x150.jpg 150w, https:\/\/web.uri.edu\/languages\/wp-content\/uploads\/sites\/1175\/MillieHowe-300x300.jpg 300w, https:\/\/web.uri.edu\/languages\/wp-content\/uploads\/sites\/1175\/MillieHowe-364x364.jpg 364w\" sizes=\"auto, (max-width: 400px) 100vw, 400px\" \/><\/a>\n\t\t\t\t\t\t\t<\/figure>\n\t\t\t\n\t\t\t\t\t\t\t<h3 class=\"p-name\"><a href=\"https:\/\/web.uri.edu\/languages\/meet\/millie-howe\/\">Millie Howe<\/a><\/h3>\n\t\t\t\n\t\t\t\n\t\t<\/div>\n\t<\/header>\n\t<div class=\"inside\">\n\n\t\t<p class=\"people-title p-job-title\">Adjunct Faculty of Spanish<\/p>\n\t\t\n\t\t\t\t<p class=\"people-department\"><\/p>\n\t\t\n\t\t\n\t\t\t\t\t<p class=\"people-misc\"><a class=\"u-email\" href=\"mailto:millieh@uri.edu\">millieh@uri.edu<\/a><\/p>\n\t\t\n\t\t<div style=\"clear:both;\"><\/div>\n\t<\/div>\n<\/div>\n<div class=\"peopleitem h-card has-thumbnail\">\n\t<header>\n\t\t<div class=\"header\">\n\t\t\t\t\t\t<figure>\n\t\t\t\t\t\t\t\t\t<a href=\"https:\/\/web.uri.edu\/languages\/meet\/colleen-mcalister\/\"><img loading=\"lazy\" decoding=\"async\" width=\"844\" height=\"844\" src=\"https:\/\/web.uri.edu\/languages\/wp-content\/uploads\/sites\/1175\/colleenm.jpg\" class=\"u-photo  wp-post-image\" alt=\"\" srcset=\"https:\/\/web.uri.edu\/languages\/wp-content\/uploads\/sites\/1175\/colleenm.jpg 844w, https:\/\/web.uri.edu\/languages\/wp-content\/uploads\/sites\/1175\/colleenm-300x300.jpg 300w, https:\/\/web.uri.edu\/languages\/wp-content\/uploads\/sites\/1175\/colleenm-150x150.jpg 150w, https:\/\/web.uri.edu\/languages\/wp-content\/uploads\/sites\/1175\/colleenm-768x768.jpg 768w, https:\/\/web.uri.edu\/languages\/wp-content\/uploads\/sites\/1175\/colleenm-364x364.jpg 364w, https:\/\/web.uri.edu\/languages\/wp-content\/uploads\/sites\/1175\/colleenm-500x500.jpg 500w\" sizes=\"auto, (max-width: 844px) 100vw, 844px\" \/><\/a>\n\t\t\t\t\t\t\t<\/figure>\n\t\t\t\n\t\t\t\t\t\t\t<h3 class=\"p-name\"><a href=\"https:\/\/web.uri.edu\/languages\/meet\/colleen-mcalister\/\">Colleen McAlister<\/a><\/h3>\n\t\t\t\n\t\t\t\n\t\t<\/div>\n\t<\/header>\n\t<div class=\"inside\">\n\n\t\t<p class=\"people-title p-job-title\">Assistant Teaching Professor of Spanish<\/p>\n\t\t\n\t\t\t\t<p class=\"people-department\"><\/p>\n\t\t\n\t\t\n\t\t\t\t\t<p class=\"people-misc\"><a class=\"u-email\" href=\"mailto:colleen.mcalister@uri.edu\">colleen.mcalister@uri.edu<\/a><\/p>\n\t\t\n\t\t<div style=\"clear:both;\"><\/div>\n\t<\/div>\n<\/div>\n<div class=\"peopleitem h-card has-thumbnail\">\n\t<header>\n\t\t<div class=\"header\">\n\t\t\t\t\t\t<figure>\n\t\t\t\t\t\t\t\t\t<a href=\"https:\/\/web.uri.edu\/languages\/meet\/inaki-perez-ibanez\/\"><img loading=\"lazy\" decoding=\"async\" width=\"400\" height=\"400\" src=\"https:\/\/web.uri.edu\/languages\/wp-content\/uploads\/sites\/1175\/Inaki-Perez-Ibanez.jpg\" class=\"u-photo  wp-post-image\" alt=\"Inaki Perez Ibanez\" srcset=\"https:\/\/web.uri.edu\/languages\/wp-content\/uploads\/sites\/1175\/Inaki-Perez-Ibanez.jpg 400w, https:\/\/web.uri.edu\/languages\/wp-content\/uploads\/sites\/1175\/Inaki-Perez-Ibanez-150x150.jpg 150w, https:\/\/web.uri.edu\/languages\/wp-content\/uploads\/sites\/1175\/Inaki-Perez-Ibanez-300x300.jpg 300w, https:\/\/web.uri.edu\/languages\/wp-content\/uploads\/sites\/1175\/Inaki-Perez-Ibanez-364x364.jpg 364w\" sizes=\"auto, (max-width: 400px) 100vw, 400px\" \/><\/a>\n\t\t\t\t\t\t\t<\/figure>\n\t\t\t\n\t\t\t\t\t\t\t<h3 class=\"p-name\"><a href=\"https:\/\/web.uri.edu\/languages\/meet\/inaki-perez-ibanez\/\">I\u00f1aki P\u00e9rez-Ib\u00e1\u00f1ez<\/a><\/h3>\n\t\t\t\n\t\t\t\n\t\t<\/div>\n\t<\/header>\n\t<div class=\"inside\">\n\n\t\t<p class=\"people-title p-job-title\">Associate Professor of Spanish<\/p>\n\t\t\n\t\t\t\t<p class=\"people-department\"><\/p>\n\t\t\n\t\t\n\t\t\t\t\t<p class=\"people-misc\"><span class=\"p-tel\">401.874.2670<\/span> <br> <a class=\"u-email\" href=\"mailto:ignacioperez@uri.edu\">ignacioperez@uri.edu<\/a><\/p>\n\t\t\n\t\t<div style=\"clear:both;\"><\/div>\n\t<\/div>\n<\/div>\n<div class=\"peopleitem h-card has-thumbnail\">\n\t<header>\n\t\t<div class=\"header\">\n\t\t\t\t\t\t<figure>\n\t\t\t\t\t\t\t\t\t<a href=\"https:\/\/web.uri.edu\/languages\/meet\/olga-ruiz-de-panciera\/\"><img loading=\"lazy\" decoding=\"async\" width=\"400\" height=\"400\" src=\"https:\/\/web.uri.edu\/languages\/wp-content\/uploads\/sites\/1175\/Olga-Ruiz-DePanciera.jpg\" class=\"u-photo  wp-post-image\" alt=\"Olga Ruiz DePanciera\" srcset=\"https:\/\/web.uri.edu\/languages\/wp-content\/uploads\/sites\/1175\/Olga-Ruiz-DePanciera.jpg 400w, https:\/\/web.uri.edu\/languages\/wp-content\/uploads\/sites\/1175\/Olga-Ruiz-DePanciera-150x150.jpg 150w, https:\/\/web.uri.edu\/languages\/wp-content\/uploads\/sites\/1175\/Olga-Ruiz-DePanciera-300x300.jpg 300w, https:\/\/web.uri.edu\/languages\/wp-content\/uploads\/sites\/1175\/Olga-Ruiz-DePanciera-364x364.jpg 364w\" sizes=\"auto, (max-width: 400px) 100vw, 400px\" \/><\/a>\n\t\t\t\t\t\t\t<\/figure>\n\t\t\t\n\t\t\t\t\t\t\t<h3 class=\"p-name\"><a href=\"https:\/\/web.uri.edu\/languages\/meet\/olga-ruiz-de-panciera\/\">Olga Ruiz de Panciera<\/a><\/h3>\n\t\t\t\n\t\t\t\n\t\t<\/div>\n\t<\/header>\n\t<div class=\"inside\">\n\n\t\t<p class=\"people-title p-job-title\">Adjunct Faculty of Spanish<\/p>\n\t\t\n\t\t\t\t<p class=\"people-department\"><\/p>\n\t\t\n\t\t\n\t\t\t\t\t<p class=\"people-misc\"><a class=\"u-email\" href=\"mailto:oruiz@uri.edu\">oruiz@uri.edu<\/a><\/p>\n\t\t\n\t\t<div style=\"clear:both;\"><\/div>\n\t<\/div>\n<\/div>\n<div class=\"peopleitem h-card has-thumbnail\">\n\t<header>\n\t\t<div class=\"header\">\n\t\t\t\t\t\t<figure>\n\t\t\t\t\t\t\t\t\t<a href=\"https:\/\/web.uri.edu\/languages\/meet\/leanne-spino-seijas\/\"><img loading=\"lazy\" decoding=\"async\" width=\"500\" height=\"500\" src=\"https:\/\/web.uri.edu\/languages\/wp-content\/uploads\/sites\/1175\/SpinoSeijasweb.jpg\" class=\"u-photo  wp-post-image\" alt=\"\" srcset=\"https:\/\/web.uri.edu\/languages\/wp-content\/uploads\/sites\/1175\/SpinoSeijasweb.jpg 500w, https:\/\/web.uri.edu\/languages\/wp-content\/uploads\/sites\/1175\/SpinoSeijasweb-300x300.jpg 300w, https:\/\/web.uri.edu\/languages\/wp-content\/uploads\/sites\/1175\/SpinoSeijasweb-150x150.jpg 150w, https:\/\/web.uri.edu\/languages\/wp-content\/uploads\/sites\/1175\/SpinoSeijasweb-364x364.jpg 364w\" sizes=\"auto, (max-width: 500px) 100vw, 500px\" \/><\/a>\n\t\t\t\t\t\t\t<\/figure>\n\t\t\t\n\t\t\t\t\t\t\t<h3 class=\"p-name\"><a href=\"https:\/\/web.uri.edu\/languages\/meet\/leanne-spino-seijas\/\">LeAnne Spino-Seijas<\/a><\/h3>\n\t\t\t\n\t\t\t\n\t\t<\/div>\n\t<\/header>\n\t<div class=\"inside\">\n\n\t\t<p class=\"people-title p-job-title\">Associate Professor of Spanish | Proficiency Coordinator | Director, International Studies and Diplomacy | Faculty Leader, SLOAA<\/p>\n\t\t\n\t\t\t\t<p class=\"people-department\"><\/p>\n\t\t\n\t\t\n\t\t\t\t\t<p class=\"people-misc\"><a class=\"u-email\" href=\"mailto:spino@uri.edu\">spino@uri.edu<\/a><\/p>\n\t\t\n\t\t<div style=\"clear:both;\"><\/div>\n\t<\/div>\n<\/div>\n<div class=\"peopleitem h-card has-thumbnail\">\n\t<header>\n\t\t<div class=\"header\">\n\t\t\t\t\t\t<figure>\n\t\t\t\t\t\t\t\t\t<a href=\"https:\/\/web.uri.edu\/languages\/meet\/william-stark\/\"><img loading=\"lazy\" decoding=\"async\" width=\"300\" height=\"400\" src=\"https:\/\/web.uri.edu\/languages\/wp-content\/uploads\/sites\/1175\/STARKPROFILEFOTO-1.jpg\" class=\"u-photo  wp-post-image\" alt=\"\" srcset=\"https:\/\/web.uri.edu\/languages\/wp-content\/uploads\/sites\/1175\/STARKPROFILEFOTO-1.jpg 300w, https:\/\/web.uri.edu\/languages\/wp-content\/uploads\/sites\/1175\/STARKPROFILEFOTO-1-225x300.jpg 225w\" sizes=\"auto, (max-width: 300px) 100vw, 300px\" \/><\/a>\n\t\t\t\t\t\t\t<\/figure>\n\t\t\t\n\t\t\t\t\t\t\t<h3 class=\"p-name\"><a href=\"https:\/\/web.uri.edu\/languages\/meet\/william-stark\/\">William Stark<\/a><\/h3>\n\t\t\t\n\t\t\t\n\t\t<\/div>\n\t<\/header>\n\t<div class=\"inside\">\n\n\t\t<p class=\"people-title p-job-title\">Associate Teaching Professor, Spanish Section Head<\/p>\n\t\t\n\t\t\t\t<p class=\"people-department\"><\/p>\n\t\t\n\t\t\n\t\t\t\t\t<p class=\"people-misc\"><a class=\"u-email\" href=\"mailto:william_stark@uri.edu\">william_stark@uri.edu<\/a><\/p>\n\t\t\n\t\t<div style=\"clear:both;\"><\/div>\n\t<\/div>\n<\/div>\n<div class=\"peopleitem h-card has-thumbnail\">\n\t<header>\n\t\t<div class=\"header\">\n\t\t\t\t\t\t<figure>\n\t\t\t\t\t\t\t\t\t<a href=\"https:\/\/web.uri.edu\/languages\/meet\/adriana-morales-wright\/\"><img loading=\"lazy\" decoding=\"async\" width=\"400\" height=\"400\" src=\"https:\/\/web.uri.edu\/languages\/wp-content\/uploads\/sites\/1175\/AdrianaMoralesWright.jpg\" class=\"u-photo  wp-post-image\" alt=\"Adriana Morales Wright\" srcset=\"https:\/\/web.uri.edu\/languages\/wp-content\/uploads\/sites\/1175\/AdrianaMoralesWright.jpg 400w, https:\/\/web.uri.edu\/languages\/wp-content\/uploads\/sites\/1175\/AdrianaMoralesWright-150x150.jpg 150w, https:\/\/web.uri.edu\/languages\/wp-content\/uploads\/sites\/1175\/AdrianaMoralesWright-300x300.jpg 300w, https:\/\/web.uri.edu\/languages\/wp-content\/uploads\/sites\/1175\/AdrianaMoralesWright-364x364.jpg 364w\" sizes=\"auto, (max-width: 400px) 100vw, 400px\" \/><\/a>\n\t\t\t\t\t\t\t<\/figure>\n\t\t\t\n\t\t\t\t\t\t\t<h3 class=\"p-name\"><a href=\"https:\/\/web.uri.edu\/languages\/meet\/adriana-morales-wright\/\">Adriana Morales Wright<\/a><\/h3>\n\t\t\t\n\t\t\t\n\t\t<\/div>\n\t<\/header>\n\t<div class=\"inside\">\n\n\t\t<p class=\"people-title p-job-title\">Adjunct Faculty of Spanish; IEP Director Spanish<\/p>\n\t\t\n\t\t\t\t<p class=\"people-department\"><\/p>\n\t\t\n\t\t\n\t\t\t\t\t<p class=\"people-misc\"><a class=\"u-email\" href=\"mailto:adriana_wright@uri.edu\">adriana_wright@uri.edu<\/a><\/p>\n\t\t\n\t\t<div style=\"clear:both;\"><\/div>\n\t<\/div>\n<\/div>\n<\/div>\n","protected":false},"excerpt":{"rendered":"<p>B.A. in Spanish Faculty<\/p>\n","protected":false},"author":581,"featured_media":0,"parent":166,"menu_order":0,"comment_status":"closed","ping_status":"closed","template":"","meta":{"_acf_changed":false,"footnotes":"","_links_to":"","_links_to_target":""},"class_list":["post-430","page","type-page","status-publish","hentry"],"acf":[],"_links":{"self":[{"href":"https:\/\/web.uri.edu\/languages\/wp-json\/wp\/v2\/pages\/430","targetHints":{"allow":["GET"]}}],"collection":[{"href":"https:\/\/web.uri.edu\/languages\/wp-json\/wp\/v2\/pages"}],"about":[{"href":"https:\/\/web.uri.edu\/languages\/wp-json\/wp\/v2\/types\/page"}],"author":[{"embeddable":true,"href":"https:\/\/web.uri.edu\/languages\/wp-json\/wp\/v2\/users\/581"}],"replies":[{"embeddable":true,"href":"https:\/\/web.uri.edu\/languages\/wp-json\/wp\/v2\/comments?post=430"}],"version-history":[{"count":4,"href":"https:\/\/web.uri.edu\/languages\/wp-json\/wp\/v2\/pages\/430\/revisions"}],"predecessor-version":[{"id":5873,"href":"https:\/\/web.uri.edu\/languages\/wp-json\/wp\/v2\/pages\/430\/revisions\/5873"}],"up":[{"embeddable":true,"href":"https:\/\/web.uri.edu\/languages\/wp-json\/wp\/v2\/pages\/166"}],"wp:attachment":[{"href":"https:\/\/web.uri.edu\/languages\/wp-json\/wp\/v2\/media?parent=430"}],"curies":[{"name":"wp","href":"https:\/\/api.w.org\/{rel}","templated":true}]}}