{"id":33062,"date":"2018-12-07T09:07:38","date_gmt":"2018-12-07T14:07:38","guid":{"rendered":"https:\/\/web.uri.edu\/pharmacy-draft\/?page_id=33062"},"modified":"2019-01-24T10:55:31","modified_gmt":"2019-01-24T15:55:31","slug":"ipsp","status":"publish","type":"page","link":"https:\/\/web.uri.edu\/pharmacy\/academics\/ipsp\/","title":{"rendered":"International Pharmaceutical Sciences Program"},"content":{"rendered":"<p><section class=\"cl-wrapper cl-hero-wrapper\"><div class=\"cl-hero fullwidth   cl-has-accessibility-controls\"><div class=\"cl-hero-proper\"><div class=\"overlay\"><div class=\"block\"><h1>International Pharmaceutical Sciences Program <\/h1><p>Bachelor of Science in Pharmaceutical Sciences (BSPS) \/ Bachelor of Arts in Italian, German or French<\/p><\/div><\/div><div class=\"still\" style=\"background-image:url(https:\/\/web.uri.edu\/wp-content\/uploads\/sites\/1223\/bsps2-1.jpg);\"><\/div><div class=\"cl-accessibility-controls-container\"><div class=\"cl-accessibility-controls\"><div class=\"cl-accessibility-icon\" title=\"Accessibility controls\">Accessibility controls<\/div><div class=\"cl-accessibility-control cl-accessibility-motion-control cl-accessibility-control-hidden\"><div class=\"cl-accessibility-control-default\"><div class=\"cl-accessibility-control-button\" title=\"Pause motion\">Pause motion<\/div><div class=\"cl-accessibility-control-label\">Motion: <span class=\"cl-accessibility-syntax\">On<\/span><\/div><\/div><div class=\"cl-accessibility-control-alternate\"><div class=\"cl-accessibility-control-button\" title=\"Play motion\">Play motion<\/div><div class=\"cl-accessibility-control-label\">Motion: <span class=\"cl-accessibility-syntax\">Off<\/span><\/div><\/div><\/div><div class=\"cl-accessibility-control cl-accessibility-contrast-control\"><div class=\"cl-accessibility-control-default\"><div class=\"cl-accessibility-control-button\" title=\"Increase text contrast\">Increase text contrast<\/div><div class=\"cl-accessibility-control-label\">Contrast: <span class=\"cl-accessibility-syntax\">Standard<\/span><\/div><\/div><div class=\"cl-accessibility-control-alternate\"><div class=\"cl-accessibility-control-button\" title=\"Reset text contrast\">Reset text contrast<\/div><div class=\"cl-accessibility-control-label\">Contrast: <span class=\"cl-accessibility-syntax\">High<\/span><\/div><\/div><\/div><div class=\"cl-accessibility-system-setting\"><div class=\"cl-accessibility-toggle\" title=\"Apply my preferences site-wide\"><\/div><div class=\"cl-accessibility-toggle-label\">Apply site-wide<\/div><\/div><\/div><\/div><\/div><\/div><\/section><section class=\"cl-wrapper cl-tabs-wrapper\"><div class=\"cl-tabs  \"><section class=\"cl-tab \"><h1>Overview<\/h1><\/p>\n<p>Our International Pharmaceutical Sciences Program (IPSP) offers an unparalleled experience for students looking to become truly global pharmaceutical scientists. IPSP graduates earn two degrees simultaneously: a <strong><a href=\"https:\/\/web.uri.edu\/pharmacy\/academics\/bsps\/\">Bachelors in Pharmaceutical Sciences<\/a> <\/strong>(BSPS) and a B.A. in <strong><a href=\"https:\/\/web.uri.edu\/languages\/academics\/french\/\">French<\/a><\/strong>, <strong><a href=\"https:\/\/web.uri.edu\/languages\/academics\/german\/\">German<\/a><\/strong>, or <a href=\"https:\/\/web.uri.edu\/languages\/academics\/italian\/\"><strong>Italian<\/strong><\/a>. By combining the power of a strong pharmaceutical sciences program, immersion in a foreign language and culture and a year abroad, the five-year program graduates students prepared for rewarding careers in a diverse array of fields around the world.<\/p>\n<h3><strong>Real-world Experience<\/strong><\/h3>\n<p>Students here do not just learn about global pharmaceutical science, they live it. Students spend a year abroad studying at a partner university and interning at a prestigious pharmaceutical company.<\/p>\n<h3><strong>Job Placement<\/strong><\/h3>\n<p>Pharmaceutical Science graduates with foreign language skills and international experience are in demand. Our graduates often command high salaries and gain entry into leadership-track positions because of their deep understanding and appreciation of the global economy. That understanding makes them attractive even in times of economic downturn as companies look for new partners and markets in foreign lands.<\/p>\n<h3><strong>Affordable global experience<\/strong><\/h3>\n<p>Our program prides itself on affordability. While studying at our partner university, you\u2019ll pay roughly the cost of in-state tuition, fees, room and board. Many internships are paid and some corporate hosts even provide housing or a housing stipend.<\/p>\n<h3><strong>Integrated Curriculum<\/strong><\/h3>\n<p>We graduate truly international pharmaceutical scientists. Students do not learn a foreign language and pharmaceutical science separately. Instead, students take pharmaceutical science classes in a foreign language, live and intern abroad and participate in a wide array of cultural events. Our close coordination between language and engineering learning means students learn to apply their language skills to engineering and vice versa.<\/p>\n<div class=\"cl-tiles thirds\">\n<div><div class=\"cl-wrapper cl-card-wrapper\"><a class=\"cl-card  \" href=\"https:\/\/web.uri.edu\/wp-content\/uploads\/sites\/1223\/French-IPSP-curriculum-sheet.pdf\" title=\"\"><div class=\"cl-card-container media\"><img decoding=\"async\" src=\"https:\/\/web.uri.edu\/wp-content\/uploads\/sites\/1223\/france.jpg\" srcset=\"\" alt=\"French flag\"><\/div><div class=\"cl-card-container text\"><div class=\"cl-card-text\"><h2>BSPS \/ French BA<\/h2><\/div><\/div><div class=\"cl-card-container button\">Curriculum Sheet<\/div><\/a><\/div><\/div>\n<div><div class=\"cl-wrapper cl-card-wrapper\"><a class=\"cl-card  \" href=\"https:\/\/web.uri.edu\/wp-content\/uploads\/sites\/1223\/German-IPSP-curriculum-sheet.pdf\" title=\"\"><div class=\"cl-card-container media\"><img decoding=\"async\" src=\"https:\/\/web.uri.edu\/wp-content\/uploads\/sites\/1223\/germany.jpg\" srcset=\"\" alt=\"German flag\"><\/div><div class=\"cl-card-container text\"><div class=\"cl-card-text\"><h2>BSPS \/ German BA<\/h2><\/div><\/div><div class=\"cl-card-container button\">Curriculum Sheet<\/div><\/a><\/div><\/div>\n<div><div class=\"cl-wrapper cl-card-wrapper\"><a class=\"cl-card  \" href=\"https:\/\/web.uri.edu\/wp-content\/uploads\/sites\/1223\/Italian-IPSP-curriculum-sheet.pdf\" title=\"\"><div class=\"cl-card-container media\"><img decoding=\"async\" src=\"https:\/\/web.uri.edu\/wp-content\/uploads\/sites\/1223\/italy.jpg\" srcset=\"\" alt=\"Italian flag\"><\/div><div class=\"cl-card-container text\"><div class=\"cl-card-text\"><h2>BSPS \/ Italian BA<\/h2><\/div><\/div><div class=\"cl-card-container button\">Curriculum Sheet<\/div><\/a><\/div><\/div>\n<\/div>\n<p>&nbsp;<\/p>\n<h2>Contacts<\/h2>\n<p><\/p>\n<div class=\"uri-people-tool cl-tiles halves\"><div class=\"peopleitem h-card has-thumbnail\">\n\t<header>\n\t\t<div class=\"header\">\n\t\t\t\t\t\t<figure>\n\t\t\t\t\t\t\t\t\t<a href=\"https:\/\/web.uri.edu\/languages\/meet\/michelangelo-la-luna\/\"><img loading=\"lazy\" decoding=\"async\" width=\"364\" height=\"364\" src=\"https:\/\/web.uri.edu\/pharmacy\/wp-content\/uploads\/sites\/1223\/Michelangelo-LaLuna-364x364.jpg\" class=\"u-photo  wp-post-image\" alt=\"\" srcset=\"https:\/\/web.uri.edu\/pharmacy\/wp-content\/uploads\/sites\/1223\/Michelangelo-LaLuna-364x364.jpg 364w, https:\/\/web.uri.edu\/pharmacy\/wp-content\/uploads\/sites\/1223\/Michelangelo-LaLuna-364x364-150x150.jpg 150w, https:\/\/web.uri.edu\/pharmacy\/wp-content\/uploads\/sites\/1223\/Michelangelo-LaLuna-364x364-300x300.jpg 300w\" sizes=\"auto, (max-width: 364px) 100vw, 364px\" \/><\/a>\n\t\t\t\t\t\t\t<\/figure>\n\t\t\t\n\t\t\t\t\t\t\t<h3 class=\"p-name\"><a href=\"https:\/\/web.uri.edu\/languages\/meet\/michelangelo-la-luna\/\">Michelangelo La Luna<\/a><\/h3>\n\t\t\t\n\t\t\t\n\t\t<\/div>\n\t<\/header>\n\t<div class=\"inside\">\n\n\t\t<p class=\"people-title p-job-title\">Professor of Italian<\/p>\n\t\t\n\t\t\t\t<p class=\"people-department\"><\/p>\n\t\t\n\t\t\n\t\t\t\t\t<p class=\"people-misc\"><span class=\"p-tel\">401.874.5968<\/span> <br> <a class=\"u-email\" href=\"mailto:laluna@uri.edu\">laluna@uri.edu<\/a><\/p>\n\t\t\n\t\t<div style=\"clear:both;\"><\/div>\n\t<\/div>\n<\/div>\n<div class=\"peopleitem h-card has-thumbnail\">\n\t<header>\n\t\t<div class=\"header\">\n\t\t\t\t\t\t<figure>\n\t\t\t\t\t\t\t\t\t<a href=\"https:\/\/web.uri.edu\/languages\/meet\/sigrid-berka\/\"><img loading=\"lazy\" decoding=\"async\" width=\"364\" height=\"364\" src=\"https:\/\/web.uri.edu\/pharmacy\/wp-content\/uploads\/sites\/1223\/Sigrid-Berka-364x364.jpg\" class=\"u-photo  wp-post-image\" alt=\"\" srcset=\"https:\/\/web.uri.edu\/pharmacy\/wp-content\/uploads\/sites\/1223\/Sigrid-Berka-364x364.jpg 364w, https:\/\/web.uri.edu\/pharmacy\/wp-content\/uploads\/sites\/1223\/Sigrid-Berka-364x364-150x150.jpg 150w, https:\/\/web.uri.edu\/pharmacy\/wp-content\/uploads\/sites\/1223\/Sigrid-Berka-364x364-300x300.jpg 300w\" sizes=\"auto, (max-width: 364px) 100vw, 364px\" \/><\/a>\n\t\t\t\t\t\t\t<\/figure>\n\t\t\t\n\t\t\t\t\t\t\t<h3 class=\"p-name\"><a href=\"https:\/\/web.uri.edu\/languages\/meet\/sigrid-berka\/\">Sigrid Berka<\/a><\/h3>\n\t\t\t\n\t\t\t\n\t\t<\/div>\n\t<\/header>\n\t<div class=\"inside\">\n\n\t\t<p class=\"people-title p-job-title\">Professor of German; Executive Director, International Engineering Program<\/p>\n\t\t\n\t\t\t\t<p class=\"people-department\"><\/p>\n\t\t\n\t\t\n\t\t\t\t\t<p class=\"people-misc\"><span class=\"p-tel\">401.874.4700<\/span> <br> <a class=\"u-email\" href=\"mailto:sigrid_berka@uri.edu\">sigrid_berka@uri.edu<\/a><\/p>\n\t\t\n\t\t<div style=\"clear:both;\"><\/div>\n\t<\/div>\n<\/div>\n<div class=\"peopleitem h-card has-thumbnail\">\n\t<header>\n\t\t<div class=\"header\">\n\t\t\t\t\t\t<figure>\n\t\t\t\t\t\t\t\t\t<a href=\"https:\/\/web.uri.edu\/languages\/meet\/karen-de-bruin\/\"><img loading=\"lazy\" decoding=\"async\" width=\"364\" height=\"364\" src=\"https:\/\/web.uri.edu\/pharmacy\/wp-content\/uploads\/sites\/1223\/Karen-deBruin-364x364.jpg\" class=\"u-photo  wp-post-image\" alt=\"\" srcset=\"https:\/\/web.uri.edu\/pharmacy\/wp-content\/uploads\/sites\/1223\/Karen-deBruin-364x364.jpg 364w, https:\/\/web.uri.edu\/pharmacy\/wp-content\/uploads\/sites\/1223\/Karen-deBruin-364x364-150x150.jpg 150w, https:\/\/web.uri.edu\/pharmacy\/wp-content\/uploads\/sites\/1223\/Karen-deBruin-364x364-300x300.jpg 300w\" sizes=\"auto, (max-width: 364px) 100vw, 364px\" \/><\/a>\n\t\t\t\t\t\t\t<\/figure>\n\t\t\t\n\t\t\t\t\t\t\t<h3 class=\"p-name\"><a href=\"https:\/\/web.uri.edu\/languages\/meet\/karen-de-bruin\/\">Karen de Bruin<\/a><\/h3>\n\t\t\t\n\t\t\t\n\t\t<\/div>\n\t<\/header>\n\t<div class=\"inside\">\n\n\t\t<p class=\"people-title p-job-title\">Associate Professor of French, Department Chair<\/p>\n\t\t\n\t\t\t\t<p class=\"people-department\"><\/p>\n\t\t\n\t\t\n\t\t\t\t\t<p class=\"people-misc\"><span class=\"p-tel\">401.874.4697<\/span> <br> <a class=\"u-email\" href=\"mailto:debruin@uri.edu\">debruin@uri.edu<\/a><\/p>\n\t\t\n\t\t<div style=\"clear:both;\"><\/div>\n\t<\/div>\n<\/div>\n<\/div>\n<p><\/section><section class=\"cl-tab \"><h1>Eligibility<\/h1><\/p>\n<p>The IPSP collaborates closely with URI\u2019s acclaimed International Engineering Program (IEP) where students are subject to the&nbsp;<a href=\"https:\/\/web.uri.edu\/iep\/year-abroad\/policies\/\">IEP Year Abroad Program Policies<\/a>&nbsp;as well as the University\u2019s&nbsp;<a href=\"https:\/\/www.uri.edu\/international\/study_abroad_policy.html\">Study Abroad Policies and Procedures<\/a>&nbsp;as outlined by The Office of International Education.<\/p>\n<p>In order to be eligible for the year abroad, you must:<\/p>\n<ul>\n<li>maintain a minimum GPA of 2.5<\/li>\n<li>be in good academic standing<\/li>\n<li>demonstrate proficiency in your target language<\/li>\n<li>have the approval of your academic advisor in order to participate<\/li>\n<\/ul>\n<p>Preparation meetings for the year abroad begin a year prior to your departure and are conducted by IEP Directors.&nbsp;For more information see the&nbsp;<a href=\"https:\/\/www.uri.edu\/international\/\">OIE website<\/a>&nbsp;and&nbsp;the&nbsp;<a href=\"https:\/\/web.uri.edu\/iep\/student-resources\/\">Preparing For The Year Abroad<\/a>&nbsp;pages on the International Engineering Program website. Planning your curriculum with your academic advisor during your freshman year is critical to your success in the program.&nbsp; The College works closely with our partners in the language departments of the University.<br \/>\n<\/section><section class=\"cl-tab \"><h1>Preparing for your Year Abroad<\/h1><\/p>\n<p>The language departments host several summer and J-term experiences that might prepare you for a successful and rewarding year abroad in your host country.<\/p>\n<h2><strong><img loading=\"lazy\" decoding=\"async\" class=\"alignleft wp-image-37474 size-medium\" src=\"https:\/\/web.uri.edu\/wp-content\/uploads\/sites\/1223\/france-300x176.jpg\" alt=\"French Flag\" width=\"300\" height=\"176\" srcset=\"https:\/\/web.uri.edu\/pharmacy\/wp-content\/uploads\/sites\/1223\/france-300x176.jpg 300w, https:\/\/web.uri.edu\/pharmacy\/wp-content\/uploads\/sites\/1223\/france-768x450.jpg 768w, https:\/\/web.uri.edu\/pharmacy\/wp-content\/uploads\/sites\/1223\/france-364x213.jpg 364w, https:\/\/web.uri.edu\/pharmacy\/wp-content\/uploads\/sites\/1223\/france-500x293.jpg 500w, https:\/\/web.uri.edu\/pharmacy\/wp-content\/uploads\/sites\/1223\/france.jpg 800w\" sizes=\"auto, (max-width: 300px) 100vw, 300px\" \/>French<\/strong><\/h2>\n<h3><strong>Compi\u00e8gne Summer Immersion<\/strong><\/h3>\n<p><strong>Where<\/strong>: Universit\u00e9 de Technologie de Compi\u00e8gne (Compi\u00e8gne, France)<br \/>\n<strong>When<\/strong>: Every August<\/p>\n<p>The Universit\u00e9 de Technologie de Compi\u00e8gne offers a four-week French language immersion program during August. The program is tuition free for IPSP students, and offers an opportunity to gain experience at our partner university, where they will study abroad during their fourth year. This is not a faculty-led program, so students should be prepared to travel to France on their own.&nbsp;Participants are placed into one of the four language levels courses and take weekend trips. Visit the&nbsp;<a href=\"http:\/\/www.utc.fr\/formation_training\/exchange-student.php\">program\u2019s website<\/a>&nbsp;for additional information.<\/p>\n<h3><strong>France&nbsp;Study Tour<\/strong><\/h3>\n<p><strong>Where:&nbsp;<\/strong>Universit\u00e9 de Technologie de Compi\u00e8gne (Compi\u00e8gne, France)<br \/>\n<strong>When:&nbsp;<\/strong>URI J-Term (January, over winter break)<\/p>\n<p>For students enrolled in the rigourous five-year dual Bachelor degree International Engineering, International Pharmaceutical Sciences and International Business Programs, it is crucial to get some short-term immersion experience in the country in which they will spend their senior year. This program will allow students to experience the context of the French language and professional studies. Furthermore, it will give students the opportunity to explore the culture and technology environment, and communicate with their budding language skills.&nbsp;Course work will be supplemented with cultural tours and excursions while in France including: a day trip to Paris, where students will have the opportunity to visit Musee des Arts et Metiers, the Chateau de Compiegne, Pierrefonds and other famous monuments. Students will go on site visits to Schneider Electric, to Total\u2019s corporate headquarters in La Defense, to one of Total\u2019s refineries, to a Technip facility in Le Trait and to the corporate headquarters of Vinci Construction. Students will also explore the&nbsp;Universit\u00e9 de Technologie de Compi\u00e8gne&nbsp;where they will meet students, see classrooms and discover laboratories. Students earn 3 \u2013 4 URI credits.<\/p>\n<p>Visit the&nbsp;<a href=\"https:\/\/web.uri.edu\/international\/faculty-led-programs\/\">URI Faculty-Led Programs page<\/a>&nbsp;for additional information and current offerings.<\/p>\n<hr>\n<h2><strong><img loading=\"lazy\" decoding=\"async\" class=\"alignleft wp-image-37477 size-medium\" src=\"https:\/\/web.uri.edu\/wp-content\/uploads\/sites\/1223\/germany-300x176.jpg\" alt=\"German Flag\" width=\"300\" height=\"176\" srcset=\"https:\/\/web.uri.edu\/pharmacy\/wp-content\/uploads\/sites\/1223\/germany-300x176.jpg 300w, https:\/\/web.uri.edu\/pharmacy\/wp-content\/uploads\/sites\/1223\/germany-364x214.jpg 364w, https:\/\/web.uri.edu\/pharmacy\/wp-content\/uploads\/sites\/1223\/germany.jpg 400w\" sizes=\"auto, (max-width: 300px) 100vw, 300px\" \/>German<\/strong><\/h2>\n<h3><strong>German Summer School- GER 215<\/strong><\/h3>\n<p><strong>When: <\/strong>May 21- June 24, 2018<\/p>\n<p>Students can earn 4 credits in a German language and culture immersion with special focus on German for technical purposes. Live in the IEP LLC and speak only German. After morning classes, native German speakers will offer a variety of pronunciation workshops, events and excursions as well as evening activities.<\/p>\n<p>To register for GER 215:&nbsp;<a href=\"http:\/\/www.uri.edu\/summer\">www.uri.edu\/summer<\/a><\/p>\n<p>To register to live in the IEP during the German summer school contact&nbsp;<a href=\"https:\/\/web.uri.edu\/iep\/additional-language-opportunities\/agraney@uri.edu\">Angela Graney.<\/a><\/p>\n<h3><strong>Germany J-Term Study Tour<\/strong><\/h3>\n<p><strong>When:<\/strong>&nbsp;URI J-Term (January, over winter break)<\/p>\n<p>For students enrolled in the rigorous five-year dual Bachelor degree International Engineering, International Pharmaceutical Sciences and International Business Programs, it is crucial to get some short-term immersion experience in the country in which they will spend their senior year. This program will allow students to experience the context of the German language and professional studies. Students earn 1 or 3 URI credits. Furthermore, it will give students the opportunity to explore the culture, technology environment and communicate with their budding language skills. Visit the program\u2019s&nbsp;<a href=\"https:\/\/uristudienreise2018.wordpress.com\/\">current student blog project<\/a>&nbsp; (as well as some past projects:&nbsp;<a href=\"https:\/\/uristudienreise2016.wordpress.com\/\">2016<\/a>,&nbsp;<a href=\"http:\/\/uristudienreise2014.wordpress.com\/\">2015)<\/a>&nbsp;for additional information.<\/p>\n<hr>\n<h2><strong><img loading=\"lazy\" decoding=\"async\" class=\"alignleft wp-image-37480 size-medium\" src=\"https:\/\/web.uri.edu\/wp-content\/uploads\/sites\/1223\/italy-300x176.jpg\" alt=\"Italian Flag\" width=\"300\" height=\"176\" srcset=\"https:\/\/web.uri.edu\/pharmacy\/wp-content\/uploads\/sites\/1223\/italy-300x176.jpg 300w, https:\/\/web.uri.edu\/pharmacy\/wp-content\/uploads\/sites\/1223\/italy-364x214.jpg 364w, https:\/\/web.uri.edu\/pharmacy\/wp-content\/uploads\/sites\/1223\/italy.jpg 400w\" sizes=\"auto, (max-width: 300px) 100vw, 300px\" \/>Italian<\/strong><\/h2>\n<h3><strong>Calabria Summer Program<\/strong><\/h3>\n<p><strong>Where:<\/strong>&nbsp;Calabria, Italy<br \/>\n<strong>When:<\/strong>&nbsp;June-July<\/p>\n<p>Students can earn 6-9 URI credits through this faculty-led program.&nbsp;Italian language and film courses are offered.&nbsp;No previous Italian language study is required to participate in the program and courses are available in English and Italian. Visit the&nbsp;<a href=\"https:\/\/www.uri.edu\/international\/italy\">program\u2019s website<\/a>&nbsp;for additional information.<\/p>\n<p>&nbsp;<\/p>\n<p><\/section><\/p>\n<p><\/div><\/section><\/p>\n<p>&nbsp;<\/p>\n","protected":false},"excerpt":{"rendered":"<p>&nbsp;<\/p>\n","protected":false},"author":639,"featured_media":0,"parent":21,"menu_order":0,"comment_status":"closed","ping_status":"closed","template":"","meta":{"_acf_changed":false,"footnotes":"","_links_to":"","_links_to_target":""},"class_list":["post-33062","page","type-page","status-publish","hentry"],"acf":[],"_links":{"self":[{"href":"https:\/\/web.uri.edu\/pharmacy\/wp-json\/wp\/v2\/pages\/33062","targetHints":{"allow":["GET"]}}],"collection":[{"href":"https:\/\/web.uri.edu\/pharmacy\/wp-json\/wp\/v2\/pages"}],"about":[{"href":"https:\/\/web.uri.edu\/pharmacy\/wp-json\/wp\/v2\/types\/page"}],"author":[{"embeddable":true,"href":"https:\/\/web.uri.edu\/pharmacy\/wp-json\/wp\/v2\/users\/639"}],"replies":[{"embeddable":true,"href":"https:\/\/web.uri.edu\/pharmacy\/wp-json\/wp\/v2\/comments?post=33062"}],"version-history":[{"count":5,"href":"https:\/\/web.uri.edu\/pharmacy\/wp-json\/wp\/v2\/pages\/33062\/revisions"}],"predecessor-version":[{"id":37706,"href":"https:\/\/web.uri.edu\/pharmacy\/wp-json\/wp\/v2\/pages\/33062\/revisions\/37706"}],"up":[{"embeddable":true,"href":"https:\/\/web.uri.edu\/pharmacy\/wp-json\/wp\/v2\/pages\/21"}],"wp:attachment":[{"href":"https:\/\/web.uri.edu\/pharmacy\/wp-json\/wp\/v2\/media?parent=33062"}],"curies":[{"name":"wp","href":"https:\/\/api.w.org\/{rel}","templated":true}]}}