{"id":44396,"date":"2026-03-03T14:19:06","date_gmt":"2026-03-03T19:19:06","guid":{"rendered":"https:\/\/web.uri.edu\/rinsfepscor\/?page_id=44396"},"modified":"2026-03-03T14:51:03","modified_gmt":"2026-03-03T19:51:03","slug":"rinest","status":"publish","type":"page","link":"https:\/\/web.uri.edu\/rinsfepscor\/rinest\/","title":{"rendered":"RINEST"},"content":{"rendered":"<section class=\"cl-wrapper cl-hero-wrapper\"><div class=\"cl-hero   cl-has-accessibility-controls\"><div class=\"cl-hero-proper\"><div class=\"overlay\"><div class=\"block\"><h1>RI NEST<\/h1><p>The Rhode Island Network for Excellence in Science and Technology<\/p><\/div><\/div><div class=\"still\" style=\"background-image:url(https:\/\/web.uri.edu\/rinsfepscor\/wp-content\/uploads\/sites\/848\/rinest_vertical_margin_fullname-color.jpg);\"><\/div><div class=\"cl-accessibility-controls-container\"><div class=\"cl-accessibility-controls\"><div class=\"cl-accessibility-icon\" title=\"Accessibility controls\">Accessibility controls<\/div><div class=\"cl-accessibility-control cl-accessibility-motion-control cl-accessibility-control-hidden\"><div class=\"cl-accessibility-control-default\"><div class=\"cl-accessibility-control-button\" title=\"Pause motion\">Pause motion<\/div><div class=\"cl-accessibility-control-label\">Motion: <span class=\"cl-accessibility-syntax\">On<\/span><\/div><\/div><div class=\"cl-accessibility-control-alternate\"><div class=\"cl-accessibility-control-button\" title=\"Play motion\">Play motion<\/div><div class=\"cl-accessibility-control-label\">Motion: <span class=\"cl-accessibility-syntax\">Off<\/span><\/div><\/div><\/div><div class=\"cl-accessibility-control cl-accessibility-contrast-control\"><div class=\"cl-accessibility-control-default\"><div class=\"cl-accessibility-control-button\" title=\"Increase text contrast\">Increase text contrast<\/div><div class=\"cl-accessibility-control-label\">Contrast: <span class=\"cl-accessibility-syntax\">Standard<\/span><\/div><\/div><div class=\"cl-accessibility-control-alternate\"><div class=\"cl-accessibility-control-button\" title=\"Reset text contrast\">Reset text contrast<\/div><div class=\"cl-accessibility-control-label\">Contrast: <span class=\"cl-accessibility-syntax\">High<\/span><\/div><\/div><\/div><div class=\"cl-accessibility-system-setting\"><div class=\"cl-accessibility-toggle\" title=\"Apply my preferences site-wide\"><\/div><div class=\"cl-accessibility-toggle-label\">Apply site-wide<\/div><\/div><\/div><\/div><\/div><\/div><\/section>\n<div class=\"fullwidth\">\n<p class=\"type-intro\" align=\"justify\">A $8 million initiative over four years that will strengthen research infrastructure and capacity in RI and position the state to develop transdisciplinary, use-inspired research, specifically around the Blue Economy, as well as societal and economic growth into the future.<\/p>\n<figure id=\"attachment_44402\" aria-describedby=\"caption-attachment-44402\" style=\"width: 500px\" class=\"wp-caption alignright\"><img loading=\"lazy\" decoding=\"async\" class=\"wp-image-44402 size-half_column\" src=\"https:\/\/web.uri.edu\/rinsfepscor\/wp-content\/uploads\/sites\/848\/RINEST-Logo-EDIT-500x134.jpg\" alt=\"RI NEST multicolor logo\" width=\"500\" height=\"134\" srcset=\"https:\/\/web.uri.edu\/rinsfepscor\/wp-content\/uploads\/sites\/848\/RINEST-Logo-EDIT-500x134.jpg 500w, https:\/\/web.uri.edu\/rinsfepscor\/wp-content\/uploads\/sites\/848\/RINEST-Logo-EDIT-300x80.jpg 300w, https:\/\/web.uri.edu\/rinsfepscor\/wp-content\/uploads\/sites\/848\/RINEST-Logo-EDIT-1024x274.jpg 1024w, https:\/\/web.uri.edu\/rinsfepscor\/wp-content\/uploads\/sites\/848\/RINEST-Logo-EDIT-768x206.jpg 768w, https:\/\/web.uri.edu\/rinsfepscor\/wp-content\/uploads\/sites\/848\/RINEST-Logo-EDIT-1536x412.jpg 1536w, https:\/\/web.uri.edu\/rinsfepscor\/wp-content\/uploads\/sites\/848\/RINEST-Logo-EDIT-364x98.jpg 364w, https:\/\/web.uri.edu\/rinsfepscor\/wp-content\/uploads\/sites\/848\/RINEST-Logo-EDIT-1000x268.jpg 1000w, https:\/\/web.uri.edu\/rinsfepscor\/wp-content\/uploads\/sites\/848\/RINEST-Logo-EDIT-1280x343.jpg 1280w, https:\/\/web.uri.edu\/rinsfepscor\/wp-content\/uploads\/sites\/848\/RINEST-Logo-EDIT.jpg 1556w\" sizes=\"auto, (max-width: 500px) 100vw, 500px\" \/><figcaption id=\"caption-attachment-44402\" class=\"wp-caption-text\">RI NEST logo designed by Jos\u00e9 R. Men\u00e9ndez and Tatiana G\u00f3mez at <a href=\"https:\/\/buenagrafica.com\/\">Buena Gr\u00e1fica Social Studio<\/a>.<\/figcaption><\/figure>\n<p>Rhode Island is a global leader in research, namely in the life sciences and the Blue Economy. Underpinning these sectors is a strong research community of faculty, students and administrators at 13 institutions of higher education. RI NEST is perfectly placed to improve coordination of research activity and opportunity among many partners throughout Rhode Island, as well as deepen experiences around research for faculty and students.&nbsp;<\/p>\n<div class=\"fullwidth\"><div class=\"cl-wrapper cl-boxout-wrapper\"><div class=\"cl-boxout right  \"><h1>RI-NEST Goals<\/h1><p><b>Strengthen<\/b> workforce development by broadening opportunities for research and education, which in turn creates pathways to careers in tech and research industries.<\/p>\n<p><b>Catalyze<\/b> partnerships by seeding diverse and use-inspired research, focusing on small businesses that increase competitiveness in Rhode Island&#8217;s Blue Economy and retain STEAM graduates from state institutions of higher education.<\/p>\n<p><b>Implement<\/b> opportunities for science communication, visualization, and data sharing to improve translation of science for understanding and use by a broad spectrum of partners, and increase funding into the state.<\/p>\n<p><\/p><\/div><\/div><\/p>\n<h2>Core Focus<\/h2>\n<\/div>\n<\/div>\n<div class=\"fullwidth\">\n<div id=\"n-7UR4q0\" class=\"jsx-4090653610 layout-wrapper\" data-blockid=\"n-7UR4q0\">\n<div class=\"jsx-2504587240 grid-item-lite\">\n<p>To maximize efforts for research and related activities across the state, RI-NEST has been organized into infrastructure \u201ccores,\u201d or areas of focus that will support a sustainable and competitive research ecosystem.<\/p>\n<ul>\n<li style=\"font-weight: 400\"><b>Administration<\/b><span style=\"font-weight: 400\"><span style=\"font-weight: 400\"> \u2013 <\/span><\/span>Managing the day-to-day and coordinating research activities across the state in partnership with the RI Science and Technology Advisory Council. <strong>Key Goal: <\/strong><em>Establishing a statewide EPSCoR office<\/em><\/li>\n<li style=\"font-weight: 400\"><b style=\"font-size: 20px\">Workforce Development<\/b><span style=\"font-weight: 400\"><span style=\"font-weight: 400\"> \u2013 <\/span><\/span>Broadening opportunities for faculty and students to engage in use-inspired research and career development. <strong>Key Goal:<\/strong> <em>Develop pathways for secondary-level students to enter into STEM fields<\/em><\/li>\n<li><b style=\"font-size: 20px\">Partnerships<\/b><span style=\"font-weight: 400\"><span style=\"font-weight: 400\"> \u2013 <\/span><\/span>Facilitating critical dialogues that build trust, develop innovations, and link researchers and partners to sustainable funding.<span style=\"font-weight: 400\">&nbsp;<\/span><span style=\"font-weight: 400\"><strong>Key Goal:<\/strong> <em>Develop use-inspired research partnerships with local industries and communities.<\/em><\/span><\/li>\n<li><b style=\"font-size: 20px\">Science Communications<\/b><span style=\"font-weight: 400\"><span style=\"font-weight: 400\"> \u2013 <\/span><\/span>Fostering unique, transdisciplinary collaborations in art, design and journalism to advance discovery and innovation \u201cin service to society\u201d. <strong>Key Goal:<\/strong> <em>Facilitate and make sustainable the VIS-A-THON, Open Newsroom and RI Data Discovery Center.&nbsp;<\/em><\/li>\n<\/ul>\n<\/div>\n<\/div>\n<\/div>\n<div class=\"fullwidth\">\n<h2>Keep up with our progress<\/h2>\n<p class=\"\" align=\"justify\">Do you have questions or want to become more involved with RI-NEST? <a class=\"jsx-437026275 underline-solid\" href=\"https:\/\/lp.constantcontactpages.com\/sl\/mFRbI7c\/riepscorsignup\" target=\"_blank\" rel=\"noreferrer noopener\" data-id=\"jddVoW8\">Sign up for our monthly newsletter!<\/a><\/p>\n<div class=\"cl-tiles thirds\" style=\"margin-top: 2rem\"><a class=\"cl-button   prominent\" href=\"https:\/\/storymaps.arcgis.com\/collections\/cbc5cad91e2a480ca9af2fcb06508228\" title=\"\">RI-NEST Strategic Plan<\/a> <a class=\"cl-button   prominent\" href=\"https:\/\/web.uri.edu\/rinsfepscor\/who-we-are\/\" title=\"\">Meet the Team<\/a> <a class=\"cl-button   prominent\" href=\"https:\/\/web.uri.edu\/rinsfepscor\/\" title=\"\">RI NSF EPSCoR Home<\/a><\/div>\n<\/div>\n","protected":false},"excerpt":{"rendered":"<p>A $8 million initiative over four years that will strengthen research infrastructure and capacity in RI and position the state to develop transdisciplinary, use-inspired research, specifically around the Blue Economy, as well as societal and economic growth into the future. Rhode Island is a global leader in research, namely in the life sciences and the [&hellip;]<\/p>\n","protected":false},"author":1994,"featured_media":0,"parent":0,"menu_order":0,"comment_status":"closed","ping_status":"closed","template":"","meta":{"_acf_changed":false,"footnotes":"","_links_to":"","_links_to_target":""},"class_list":["post-44396","page","type-page","status-publish","hentry"],"acf":[],"_links":{"self":[{"href":"https:\/\/web.uri.edu\/rinsfepscor\/wp-json\/wp\/v2\/pages\/44396","targetHints":{"allow":["GET"]}}],"collection":[{"href":"https:\/\/web.uri.edu\/rinsfepscor\/wp-json\/wp\/v2\/pages"}],"about":[{"href":"https:\/\/web.uri.edu\/rinsfepscor\/wp-json\/wp\/v2\/types\/page"}],"author":[{"embeddable":true,"href":"https:\/\/web.uri.edu\/rinsfepscor\/wp-json\/wp\/v2\/users\/1994"}],"replies":[{"embeddable":true,"href":"https:\/\/web.uri.edu\/rinsfepscor\/wp-json\/wp\/v2\/comments?post=44396"}],"version-history":[{"count":6,"href":"https:\/\/web.uri.edu\/rinsfepscor\/wp-json\/wp\/v2\/pages\/44396\/revisions"}],"predecessor-version":[{"id":44411,"href":"https:\/\/web.uri.edu\/rinsfepscor\/wp-json\/wp\/v2\/pages\/44396\/revisions\/44411"}],"wp:attachment":[{"href":"https:\/\/web.uri.edu\/rinsfepscor\/wp-json\/wp\/v2\/media?parent=44396"}],"curies":[{"name":"wp","href":"https:\/\/api.w.org\/{rel}","templated":true}]}}