{"id":5949,"date":"2022-05-18T10:22:23","date_gmt":"2022-05-18T14:22:23","guid":{"rendered":"https:\/\/web.uri.edu\/sheepngoat\/?page_id=5949"},"modified":"2022-05-18T10:22:23","modified_gmt":"2022-05-18T14:22:23","slug":"famacha-programa-de-entrenamiento","status":"publish","type":"page","link":"https:\/\/web.uri.edu\/sheepngoat\/famacha-programa-de-entrenamiento\/","title":{"rendered":"FAMACHA\u00a9 Programa de Entrenamiento"},"content":{"rendered":"<p><strong>El Sistema FAMACHA\u00a9 \u2013<\/strong> El uso del sistema FAMACHA\u00a9 permite a los productores de peque\u00f1os rumiantes tomar decisiones de desparasitaci\u00f3n selectiva en base al grado estimado de anemia en ovinos y caprinos afectados por <em>Haemonchus contortus<\/em>, tambi\u00e9n llamado gusano del est\u00f3mago de ovinos y caprinos. Este es el par\u00e1sito m\u00e1s importante desde el punto de vista econ\u00f3mico que afecta a la producci\u00f3n de peque\u00f1os rumiantes en pastoreo, provocando diversos niveles de anemia (reducci\u00f3n en el n\u00famero de gl\u00f3bulos rojos en la sangre) y, en casos graves, la muerte. A nivel mundial, la resistencia antihelm\u00edntica ha sido reportada en todos los desparasitantes disponibles actualmente para tratar el gusano del est\u00f3mago y otros nematodos gastrointestinales. El sistema FAMACHA\u00a9 ayuda en la desparasitaci\u00f3n selectiva, minimizando el uso de desparasitantes y disminuyendo la velocidad de desarrollo de poblaciones de par\u00e1sitos resistentes a los medicamentos. El sistema FAMACHA\u00a9 tambi\u00e9n ayuda en las decisiones de cr\u00eda selectiva al identificar aquellos animales que son m\u00e1s susceptibles a la infecci\u00f3n por el gusano del est\u00f3mago.<\/p>\n<p>La tarjeta FAMACHA\u00a9, desarrollada en Sud\u00e1frica, fue introducida en los Estados Unidos por el Consorcio Americano para el Control de Par\u00e1sitos en Peque\u00f1os Rumiantes (ACSRPC); (<a href=\"https:\/\/www.wormx.info\/\">https:\/\/www.wormx.info\/<\/a>). La tarjeta FAMACHA\u00a9 es una herramienta que compara el color de la mucosa ocular de los peque\u00f1os rumiantes con una serie de colores laminada que muestra cinco categor\u00edas de colores correspondientes a diferentes grados de anemia. La categor\u00eda 1, roja, representa un animal &#8220;no an\u00e9mico&#8221;, mientras que la categor\u00eda 5, blanca p\u00e1lida, representa un animal &#8220;severamente an\u00e9mico&#8221;. El sistema FAMACHA\u00a9 utiliza los puntajes num\u00e9ricos determinados con la tarjeta para identificar y desparasitar selectivamente a los ovinos y caprinos con anemia.<\/p>\n<p>Este programa de entrenamiento en l\u00ednea ha sido desarrollado por las Dras. Katherine Petersson, PhD, (University of Rhode Island) y Anne Zajac, DVM, (VA-MD College of Veterinary Medicine, Virginia Tech), ambas miembros del ACSRPC, como parte de una subvenci\u00f3n del Northeast SARE (siglas en ingl\u00e9s para el Programa de Investigaci\u00f3n y Educaci\u00f3n sobre Agricultura Sostenible) y administrado por la Universidad de Rhode Island. El ACSRPC respalda completamente este programa de entrenamiento para aquellas personas que no pueden asistir en persona a un taller.<\/p>\n<p><strong><a href=\"https:\/\/web.uri.edu\/wp-content\/uploads\/sites\/2281\/SC_goatFAMACHA_higherres-e1407246876170.jpg\" rel=\"lightbox[5949]\"><img loading=\"lazy\" decoding=\"async\" class=\"wp-image-933 alignleft\" src=\"https:\/\/web.uri.edu\/wp-content\/uploads\/sites\/2281\/SC_goatFAMACHA_higherres-300x177.jpg\" alt=\"SC_goatFAMACHA_higherres\" width=\"236\" height=\"139\" \/><\/a><\/strong><\/p>\n<p>&nbsp;<\/p>\n<ul>\n<li><strong>Los participantes deben tener 13 a\u00f1os de edad o m\u00e1s y residir en los Estados Unidos o Canad\u00e1.<\/strong><\/li>\n<\/ul>\n<p>&nbsp;<\/p>\n<p>&nbsp;<\/p>\n<p><strong>Este programa de Certificaci\u00f3n en l\u00ednea FAMACHA\u00a9 est\u00e1 disponible para los participantes que residen en los Estados Unidos o Canad\u00e1 y se puede obtener a trav\u00e9s de un proceso de 3 pasos.<\/strong><\/p>\n<h3><strong>1. <\/strong><strong>Mire los cuatro videos de capacitaci\u00f3n:<\/strong><\/h3>\n<ul>\n<li>Parte 1: <a href=\"https:\/\/www.youtube.com\/watch?v=xRjzdTR51WA\">Introducci\u00f3n <\/a>(15:11 min)<\/li>\n<li>Parte 2: <a href=\"https:\/\/youtu.be\/154rD1xxx_k\">Uso de antihelm\u00ednticos y control de par\u00e1sitos <\/a>(14:36 min)<\/li>\n<li>Parte 3: <a href=\"https:\/\/youtu.be\/ZEHZ5FVSoDk\">Manejo Integrado de Par\u00e1sitos <\/a>(18:02 min)<\/li>\n<li>Parte 4: <a href=\"https:\/\/youtu.be\/6MPg_i8AOmQ\">Usando el sistema FAMACHA\u00a9<\/a> (25:04 min)<\/li>\n<\/ul>\n<h3><strong>2. Complete la evaluaci\u00f3n:<\/strong><\/h3>\n<p>Despu\u00e9s de ver los videos de capacitaci\u00f3n, realice la evaluaci\u00f3n haciendo clic <a href=\"https:\/\/uri.co1.qualtrics.com\/jfe\/form\/SV_8ogj92b1MG8lI1w\"><strong>aqu\u00ed<\/strong><\/a>. Puede tomar la evaluaci\u00f3n tantas veces como sea necesario para completarla con una puntuaci\u00f3n del 80 % o superior.<\/p>\n<h3><strong>3.\u00a0<\/strong><strong>Realice y env\u00ede el video de demostraci\u00f3n de FAMACHA\u00a9:<\/strong><strong><a href=\"https:\/\/web.uri.edu\/wp-content\/uploads\/sites\/2281\/IMG_7370-e1636216868340.jpg\" rel=\"lightbox[5949]\"><img loading=\"lazy\" decoding=\"async\" class=\"wp-image-5909 size-medium alignright\" src=\"https:\/\/web.uri.edu\/wp-content\/uploads\/sites\/2281\/IMG_7370-e1636216868340-300x207.jpg\" alt=\"\" width=\"300\" height=\"207\" srcset=\"https:\/\/web.uri.edu\/sheepngoat\/wp-content\/uploads\/sites\/2281\/IMG_7370-e1636216868340-300x207.jpg 300w, https:\/\/web.uri.edu\/sheepngoat\/wp-content\/uploads\/sites\/2281\/IMG_7370-e1636216868340-768x529.jpg 768w, https:\/\/web.uri.edu\/sheepngoat\/wp-content\/uploads\/sites\/2281\/IMG_7370-e1636216868340-364x251.jpg 364w, https:\/\/web.uri.edu\/sheepngoat\/wp-content\/uploads\/sites\/2281\/IMG_7370-e1636216868340-500x344.jpg 500w, https:\/\/web.uri.edu\/sheepngoat\/wp-content\/uploads\/sites\/2281\/IMG_7370-e1636216868340-1000x688.jpg 1000w, https:\/\/web.uri.edu\/sheepngoat\/wp-content\/uploads\/sites\/2281\/IMG_7370-e1636216868340.jpg 1011w\" sizes=\"auto, (max-width: 300px) 100vw, 300px\" \/><\/a><\/strong><\/h3>\n<p>Realice y env\u00edenos un video demostrando la t\u00e9cnica FAMACHA\u00a9 <strong>en ambos ojos de dos animales<\/strong>. Para este video de demostraci\u00f3n utilice una tarjeta falsa (puede ser un pedazo de papel) en lugar de una tarjeta FAMACHA\u00a9 real. Pres\u00e9ntese y demuestre la t\u00e9cnica FAMACHA\u00a9 en ambos ojos de dos animales, sosteniendo la supuesta tarjeta de FAMACHA\u00a9 en la membrana mucosa del ojo. Est\u00e1 permitido tener asistencia para la grabaci\u00f3n, sujeci\u00f3n del animal y posesi\u00f3n de la supuesta tarjeta FAMACHA\u00a9. Env\u00ede el video por correo electr\u00f3nico a <a href=\"mailto:urisheepandgoat@etal.uri.edu\">urisheepandgoat@etal.uri.edu<\/a>. Si su video es demasiado grande para enviarlo, env\u00edenos un correo electr\u00f3nico y lo ayudaremos a configurar una carpeta temporal compartida en Google.<\/p>\n<p>Al completar los 3 pasos mencionados del programa de capacitaci\u00f3n en l\u00ednea, el participante recibir\u00e1 un Certificado de Competencia en el uso del sistema FAMACHA\u00a9. El certificado permitir\u00e1 a los participantes comprar una tarjeta FAMACHA\u00a9 a trav\u00e9s de la Universidad de Rhode Island. El precio de la tarjeta FAMACHA\u00a9 est\u00e1 sujeto a cambios, pero es inferior a $20.00. El costo exacto y las instrucciones para comprar una tarjeta se proporcionar\u00e1n al finalizar este programa de capacitaci\u00f3n en l\u00ednea.<\/p>\n<div class=\"oembed oembed-youtube-com\" style=\"\" data-url=\"https:\/\/www.youtube.com\/watch?v=xRjzdTR51WA\"><iframe loading=\"lazy\" title=\"Parte 1: Introducci\u00f3n\" width=\"1000\" height=\"563\" src=\"https:\/\/www.youtube.com\/embed\/xRjzdTR51WA?feature=oembed\" frameborder=\"0\" allow=\"accelerometer; autoplay; clipboard-write; encrypted-media; gyroscope; picture-in-picture; web-share\" referrerpolicy=\"strict-origin-when-cross-origin\" allowfullscreen><\/iframe><\/div>\n<div class=\"oembed oembed-youtube-com\" style=\"\" data-url=\"https:\/\/www.youtube.com\/watch?v=154rD1xxx_k\"><iframe loading=\"lazy\" title=\"Parte 2: Uso de antihelm\u00ednticos y control de par\u00e1sitos\" width=\"1000\" height=\"563\" src=\"https:\/\/www.youtube.com\/embed\/154rD1xxx_k?feature=oembed\" frameborder=\"0\" allow=\"accelerometer; autoplay; clipboard-write; encrypted-media; gyroscope; picture-in-picture; web-share\" referrerpolicy=\"strict-origin-when-cross-origin\" allowfullscreen><\/iframe><\/div>\n<div class=\"oembed oembed-youtube-com\" style=\"\" data-url=\"https:\/\/www.youtube.com\/watch?v=ZEHZ5FVSoDk\"><iframe loading=\"lazy\" title=\"Parte 3: Manejo Integrado de Par\u00e1sitos\" width=\"1000\" height=\"563\" src=\"https:\/\/www.youtube.com\/embed\/ZEHZ5FVSoDk?feature=oembed\" frameborder=\"0\" allow=\"accelerometer; autoplay; clipboard-write; encrypted-media; gyroscope; picture-in-picture; web-share\" referrerpolicy=\"strict-origin-when-cross-origin\" allowfullscreen><\/iframe><\/div>\n<div class=\"oembed oembed-youtube-com\" style=\"\" data-url=\"https:\/\/www.youtube.com\/watch?v=6MPg_i8AOmQ\"><iframe loading=\"lazy\" title=\"Parte 4: Usando el sistema FAMACHA\u00a9\" width=\"1000\" height=\"563\" src=\"https:\/\/www.youtube.com\/embed\/6MPg_i8AOmQ?feature=oembed\" frameborder=\"0\" allow=\"accelerometer; autoplay; clipboard-write; encrypted-media; gyroscope; picture-in-picture; web-share\" referrerpolicy=\"strict-origin-when-cross-origin\" allowfullscreen><\/iframe><\/div>\n<p>&nbsp;<\/p>\n<p><strong>Contactos para la Certificaci\u00f3n Online FAMACHA\u00a9:<\/strong><\/p>\n<p><strong>CORREO ELECTR\u00d3NICO:\u00a0 <a href=\"mailto:urisheepandgoat@etal.uri.edu\" target=\"_blank\" rel=\"noopener noreferrer\">urisheepandgoat@etal.uri.edu<\/a><\/strong><\/p>\n<p><strong>Elizabeth Kass, Asistente de Investigaci\u00f3n<br \/>\n<\/strong>Departamento de Pesca, Ciencia Animal y Veterinaria, Universidad de Rhode Island\u00a0<strong><br \/>\n<\/strong>55 Peckham Farm<br \/>\nKingston, RI 02881<\/p>\n<p><strong>Dra. Katherine Petersson, PhD, L\u00edder del Proyecto<br \/>\n<\/strong>Departamento de Pesca, Ciencia Animal y Veterinaria, Universidad de Rhode Island<br \/>\nTel\u00e9fono: (401) 874-2951<br \/>\n120 Flagg Road, CBLS Room 177<br \/>\nKingston, RI 02881<\/p>\n<p>Para obtener m\u00e1s informaci\u00f3n sobre este programa de educaci\u00f3n en l\u00ednea, as\u00ed como oportunidades de asistencia con la reproducci\u00f3n selectiva para la resistencia a los par\u00e1sitos, visite nuestra p\u00e1gina del proyecto (en ingl\u00e9s): Building on success:\u00a0\u00a0expanding opportunities for sustainable management of small ruminant gastrointestinal parasites (<a href=\"https:\/\/web.uri.edu\/sheepngoat\/parasite-control\/\">https:\/\/web.uri.edu\/sheepngoat\/parasite-control\/<\/a>)<\/p>\n<p>Para m\u00e1s informaci\u00f3n sobre el Sistema FAMACHA\u00a9 y el control de par\u00e1sitos en peque\u00f1os rumiantes, visite el Consorcio Americano de Control de Par\u00e1sitos de Peque\u00f1os Rumiantes (en ingles): <a href=\"https:\/\/www.wormx.info\/famacha\">https:\/\/www.wormx.info\/famacha<\/a><\/p>\n<p>&nbsp;<\/p>\n<p>&nbsp;<\/p>\n<address>[hr color=&#8221;dark-gray&#8221; width=&#8221;100%&#8221; border_width=&#8221;4px&#8221; ]<\/address>\n<address>This work is supported by the USDA National Institute of Food and Agriculture (NIFA) Northeast Sustainable Agriculture Research and Education Program Project LNE19-381, and USDA NIFA Animal Health and Disease Research Project 1007290.\u00a0 URI provides equal program opportunity.<\/address>\n<address><a href=\"https:\/\/web.uri.edu\/sheepngoat\/wp-content\/uploads\/sites\/2281\/new-group-logo-2021.jpg\" rel=\"lightbox[5949]\"><img loading=\"lazy\" decoding=\"async\" class=\"alignnone wp-image-5027 size-large\" src=\"https:\/\/web.uri.edu\/wp-content\/uploads\/sites\/2281\/new-group-logo-2021-1024x118.jpg\" alt=\"\" width=\"1024\" height=\"118\" srcset=\"https:\/\/web.uri.edu\/sheepngoat\/wp-content\/uploads\/sites\/2281\/new-group-logo-2021-1024x118.jpg 1024w, https:\/\/web.uri.edu\/sheepngoat\/wp-content\/uploads\/sites\/2281\/new-group-logo-2021-300x35.jpg 300w, https:\/\/web.uri.edu\/sheepngoat\/wp-content\/uploads\/sites\/2281\/new-group-logo-2021-768x89.jpg 768w, https:\/\/web.uri.edu\/sheepngoat\/wp-content\/uploads\/sites\/2281\/new-group-logo-2021-364x42.jpg 364w, https:\/\/web.uri.edu\/sheepngoat\/wp-content\/uploads\/sites\/2281\/new-group-logo-2021-500x58.jpg 500w, https:\/\/web.uri.edu\/sheepngoat\/wp-content\/uploads\/sites\/2281\/new-group-logo-2021-1000x115.jpg 1000w, https:\/\/web.uri.edu\/sheepngoat\/wp-content\/uploads\/sites\/2281\/new-group-logo-2021-1280x148.jpg 1280w, https:\/\/web.uri.edu\/sheepngoat\/wp-content\/uploads\/sites\/2281\/new-group-logo-2021.jpg 1299w\" sizes=\"auto, (max-width: 1024px) 100vw, 1024px\" \/><\/a><\/address>\n","protected":false},"excerpt":{"rendered":"<p>El Sistema FAMACHA\u00a9 \u2013 El uso del sistema FAMACHA\u00a9 permite a los productores de peque\u00f1os rumiantes tomar decisiones de desparasitaci\u00f3n selectiva en base al grado estimado de anemia en ovinos y caprinos afectados por Haemonchus contortus, tambi\u00e9n llamado gusano del est\u00f3mago de ovinos y caprinos. Este es el par\u00e1sito m\u00e1s importante desde el punto de [&hellip;]<\/p>\n","protected":false},"author":4861,"featured_media":0,"parent":0,"menu_order":0,"comment_status":"closed","ping_status":"closed","template":"","meta":{"_acf_changed":false,"footnotes":"","_links_to":"","_links_to_target":""},"class_list":["post-5949","page","type-page","status-publish","hentry"],"acf":[],"_links":{"self":[{"href":"https:\/\/web.uri.edu\/sheepngoat\/wp-json\/wp\/v2\/pages\/5949","targetHints":{"allow":["GET"]}}],"collection":[{"href":"https:\/\/web.uri.edu\/sheepngoat\/wp-json\/wp\/v2\/pages"}],"about":[{"href":"https:\/\/web.uri.edu\/sheepngoat\/wp-json\/wp\/v2\/types\/page"}],"author":[{"embeddable":true,"href":"https:\/\/web.uri.edu\/sheepngoat\/wp-json\/wp\/v2\/users\/4861"}],"replies":[{"embeddable":true,"href":"https:\/\/web.uri.edu\/sheepngoat\/wp-json\/wp\/v2\/comments?post=5949"}],"version-history":[{"count":0,"href":"https:\/\/web.uri.edu\/sheepngoat\/wp-json\/wp\/v2\/pages\/5949\/revisions"}],"wp:attachment":[{"href":"https:\/\/web.uri.edu\/sheepngoat\/wp-json\/wp\/v2\/media?parent=5949"}],"curies":[{"name":"wp","href":"https:\/\/api.w.org\/{rel}","templated":true}]}}