{"id":25227,"date":"2023-08-28T01:52:30","date_gmt":"2023-08-28T05:52:30","guid":{"rendered":"https:\/\/web.uri.edu\/tickencounter\/?page_id=25227"},"modified":"2023-08-31T09:17:02","modified_gmt":"2023-08-31T13:17:02","slug":"be-ready-for-ticks-southampton-spanish","status":"publish","type":"page","link":"https:\/\/web.uri.edu\/tickencounter\/be-ready-for-ticks-southampton-spanish\/","title":{"rendered":"Be Ready For Ticks Southampton Spanish"},"content":{"rendered":"<section class=\"cl-wrapper cl-hero-wrapper\"><div class=\"cl-hero fullwidth   cl-has-accessibility-controls\"><div class=\"cl-hero-proper\"><div class=\"overlay\"><div class=\"block\"><h1>\u00a1Prep\u00e1rate para las garrapatas!<\/h1><p>Con\u00e9ctese con un experto en garrapatas al momento que lo necesite<\/p><\/div><\/div><div class=\"still\" style=\"background-image:url(https:\/\/web.uri.edu\/tickencounter\/wp-content\/uploads\/sites\/1713\/Woodland-scene.jpg);background-position:28% 84%;\"><\/div><div class=\"cl-accessibility-controls-container\"><div class=\"cl-accessibility-controls\"><div class=\"cl-accessibility-icon\" title=\"Accessibility controls\">Accessibility controls<\/div><div class=\"cl-accessibility-control cl-accessibility-motion-control cl-accessibility-control-hidden\"><div class=\"cl-accessibility-control-default\"><div class=\"cl-accessibility-control-button\" title=\"Pause motion\">Pause motion<\/div><div class=\"cl-accessibility-control-label\">Motion: <span class=\"cl-accessibility-syntax\">On<\/span><\/div><\/div><div class=\"cl-accessibility-control-alternate\"><div class=\"cl-accessibility-control-button\" title=\"Play motion\">Play motion<\/div><div class=\"cl-accessibility-control-label\">Motion: <span class=\"cl-accessibility-syntax\">Off<\/span><\/div><\/div><\/div><div class=\"cl-accessibility-control cl-accessibility-contrast-control\"><div class=\"cl-accessibility-control-default\"><div class=\"cl-accessibility-control-button\" title=\"Increase text contrast\">Increase text contrast<\/div><div class=\"cl-accessibility-control-label\">Contrast: <span class=\"cl-accessibility-syntax\">Standard<\/span><\/div><\/div><div class=\"cl-accessibility-control-alternate\"><div class=\"cl-accessibility-control-button\" title=\"Reset text contrast\">Reset text contrast<\/div><div class=\"cl-accessibility-control-label\">Contrast: <span class=\"cl-accessibility-syntax\">High<\/span><\/div><\/div><\/div><div class=\"cl-accessibility-system-setting\"><div class=\"cl-accessibility-toggle\" title=\"Apply my preferences site-wide\"><\/div><div class=\"cl-accessibility-toggle-label\">Apply site-wide<\/div><\/div><\/div><\/div><\/div><\/div><\/section>\n\n\n<h1 class=\"wp-block-heading\"><strong>Est\u00e1s parado al comienzo de un sendero y el letrero dice<\/strong> &#8212;<\/h1>\n\n\n\n<p>  <\/p>\n\n\n\n<div class=\"wp-block-columns is-layout-flex wp-container-core-columns-is-layout-9d6595d7 wp-block-columns-is-layout-flex\">\n<div class=\"wp-block-column is-layout-flow wp-block-column-is-layout-flow\" style=\"flex-basis:33.33%\">\n<figure class=\"wp-block-image size-large\"><img loading=\"lazy\" decoding=\"async\" width=\"819\" height=\"1024\" src=\"https:\/\/web.uri.edu\/wp-content\/uploads\/sites\/1713\/TICK-signage-final-819x1024.jpg\" alt=\"Tick warning sign with QR code\" class=\"wp-image-22593\" srcset=\"https:\/\/web.uri.edu\/tickencounter\/wp-content\/uploads\/sites\/1713\/TICK-signage-final-819x1024.jpg 819w, https:\/\/web.uri.edu\/tickencounter\/wp-content\/uploads\/sites\/1713\/TICK-signage-final-240x300.jpg 240w, https:\/\/web.uri.edu\/tickencounter\/wp-content\/uploads\/sites\/1713\/TICK-signage-final-768x960.jpg 768w, https:\/\/web.uri.edu\/tickencounter\/wp-content\/uploads\/sites\/1713\/TICK-signage-final-1229x1536.jpg 1229w, https:\/\/web.uri.edu\/tickencounter\/wp-content\/uploads\/sites\/1713\/TICK-signage-final-364x455.jpg 364w, https:\/\/web.uri.edu\/tickencounter\/wp-content\/uploads\/sites\/1713\/TICK-signage-final-500x625.jpg 500w, https:\/\/web.uri.edu\/tickencounter\/wp-content\/uploads\/sites\/1713\/TICK-signage-final-1000x1250.jpg 1000w, https:\/\/web.uri.edu\/tickencounter\/wp-content\/uploads\/sites\/1713\/TICK-signage-final-1280x1600.jpg 1280w, https:\/\/web.uri.edu\/tickencounter\/wp-content\/uploads\/sites\/1713\/TICK-signage-final.jpg 1400w\" sizes=\"auto, (max-width: 819px) 100vw, 819px\" \/><\/figure>\n<\/div>\n\n\n\n<div class=\"wp-block-column is-layout-flow wp-block-column-is-layout-flow\" style=\"flex-basis:66.66%\"><section class=\"cl-wrapper cl-boxout-wrapper\"><div class=\"cl-boxout  \"><h1>\u00bfQu\u00e9 debe hacer?<\/h1>\n\n<p>Hay algunas cosas sencillas que <strong>PUEDE<\/strong> hacer <strong>en este momento<\/strong> para protegerse mejor a s\u00ed mismo, a su familia y a sus mascotas de las picaduras de garrapata. Adem\u00e1s, hay varias medidas pr\u00e1cticas que puede tomar una vez que llegue a casa, o si encuentra una garrapata, y tambi\u00e9n antes de embarcarse en su pr\u00f3xima aventura al aire libre para maximizar su protecci\u00f3n. Si el letrero que ves se parece a este, puedes averiguar qu\u00e9 hacer con un simple clic de su tel\u00e9fono m\u00f3vil en el c\u00f3digo QR.<\/p>\n\n<\/div><\/section>\n\n\n<div class=\"wp-block-columns is-layout-flex wp-container-core-columns-is-layout-9d6595d7 wp-block-columns-is-layout-flex\">\n<div class=\"wp-block-column is-layout-flow wp-block-column-is-layout-flow\" style=\"flex-basis:25%\"><\/div>\n\n\n\n<div class=\"wp-block-column is-layout-flow wp-block-column-is-layout-flow\" style=\"flex-basis:65%\"><a class=\"cl-button   prominent\" href=\"https:\/\/web.uri.edu\/tickencounter\/bereadyforticks-sign-order-spanish\" title=\"\">\u00bfInteresado en un letrero?<\/a>\n\n\n<p><\/p>\n<\/div>\n\n\n\n<div class=\"wp-block-column is-layout-flow wp-block-column-is-layout-flow\" style=\"flex-basis:25%\"><\/div>\n<\/div>\n<\/div>\n<\/div>\n\n\n\n<h1 class=\"wp-block-heading\"><strong>AHORA MISMO \u2026 3 acciones para reducir el riesgo de garrapatas<\/strong><\/h1>\n\n\n\n<div class=\"wp-block-columns is-layout-flex wp-container-core-columns-is-layout-9d6595d7 wp-block-columns-is-layout-flex\">\n<div class=\"wp-block-column is-layout-flow wp-block-column-is-layout-flow\"><div class=\"cl-wrapper cl-card-wrapper\"><a class=\"cl-card  \" href=\"https:\/\/web.uri.edu\/tickencounter\/ticksmart-tips\/tip-7-tuck-in-your-shirt-spanish\/\" title=\"\"><div class=\"cl-card-container media\"><img decoding=\"async\" src=\"https:\/\/web.uri.edu\/tickencounter\/wp-content\/uploads\/sites\/1713\/ticksmarttip-tuckinyourshirt.jpg\" srcset=\"\" alt=\"Tuck in your shirt\"><\/div><div class=\"cl-card-container text\"><div class=\"cl-card-text\"><h2>Meter la parte inferior de la camisa dentro del pantal\u00f3n al igual que el dobladillo de los pantalones adentro de los calcetines<\/h2><p>Mantenga las garrapatas en el exterior de su ropa<\/p><\/div><\/div><\/a><\/div><\/div>\n\n\n\n<div class=\"wp-block-column is-layout-flow wp-block-column-is-layout-flow\"><div class=\"cl-wrapper cl-card-wrapper\"><a class=\"cl-card  \" href=\"https:\/\/web.uri.edu\/tickencounter\/uncategorized\/tip-9-stay-in-the-middle-of-trails-spanish\/\" title=\"\"><div class=\"cl-card-container media\"><img decoding=\"async\" src=\"https:\/\/web.uri.edu\/tickencounter\/wp-content\/uploads\/sites\/1713\/Walking-in-a-line.jpg\" srcset=\"\" alt=\"\"><\/div><div class=\"cl-card-container text\"><div class=\"cl-card-text\"><h2>Mant\u00e9ngase en medio de los senderos<\/h2><p>Las garrapatas son m\u00e1s abundantes en los bordes del sendero<\/p><\/div><\/div><\/a><\/div><\/div>\n\n\n\n<div class=\"wp-block-column is-layout-flow wp-block-column-is-layout-flow\"><div class=\"cl-wrapper cl-card-wrapper\"><a class=\"cl-card  \" href=\"https:\/\/web.uri.edu\/tickencounter\/field-guide-to-ticks-spanish\/\" title=\"\"><div class=\"cl-card-container media\"><img decoding=\"async\" src=\"https:\/\/web.uri.edu\/tickencounter\/wp-content\/uploads\/sites\/1713\/tick-map_jpg2-e1631283194935.jpg\" srcset=\"\" alt=\"\"><\/div><div class=\"cl-card-container text\"><div class=\"cl-card-text\"><h2>Saber qu\u00e9 buscar <\/h2><p>Descubra qu\u00e9 garrapatas est\u00e1n activas en cada regi\u00f3n en las distintas \u00e9pocas del a\u00f1o<\/p><\/div><\/div><\/a><\/div><\/div>\n<\/div>\n","protected":false},"excerpt":{"rendered":"<p>Est\u00e1s parado al comienzo de un sendero y el letrero dice &#8212; AHORA MISMO \u2026 3 acciones para reducir el riesgo de garrapatas<\/p>\n","protected":false},"author":4045,"featured_media":0,"parent":0,"menu_order":0,"comment_status":"closed","ping_status":"closed","template":"","meta":{"_acf_changed":false,"footnotes":"","_links_to":"","_links_to_target":""},"class_list":["post-25227","page","type-page","status-publish","hentry"],"acf":[],"_links":{"self":[{"href":"https:\/\/web.uri.edu\/tickencounter\/wp-json\/wp\/v2\/pages\/25227","targetHints":{"allow":["GET"]}}],"collection":[{"href":"https:\/\/web.uri.edu\/tickencounter\/wp-json\/wp\/v2\/pages"}],"about":[{"href":"https:\/\/web.uri.edu\/tickencounter\/wp-json\/wp\/v2\/types\/page"}],"author":[{"embeddable":true,"href":"https:\/\/web.uri.edu\/tickencounter\/wp-json\/wp\/v2\/users\/4045"}],"replies":[{"embeddable":true,"href":"https:\/\/web.uri.edu\/tickencounter\/wp-json\/wp\/v2\/comments?post=25227"}],"version-history":[{"count":5,"href":"https:\/\/web.uri.edu\/tickencounter\/wp-json\/wp\/v2\/pages\/25227\/revisions"}],"predecessor-version":[{"id":25286,"href":"https:\/\/web.uri.edu\/tickencounter\/wp-json\/wp\/v2\/pages\/25227\/revisions\/25286"}],"wp:attachment":[{"href":"https:\/\/web.uri.edu\/tickencounter\/wp-json\/wp\/v2\/media?parent=25227"}],"curies":[{"name":"wp","href":"https:\/\/api.w.org\/{rel}","templated":true}]}}