{"id":25239,"date":"2023-08-28T03:00:20","date_gmt":"2023-08-28T07:00:20","guid":{"rendered":"https:\/\/web.uri.edu\/tickencounter\/?page_id=25239"},"modified":"2023-08-30T04:30:13","modified_gmt":"2023-08-30T08:30:13","slug":"bereadyforticks-sign-order-spanish","status":"publish","type":"page","link":"https:\/\/web.uri.edu\/tickencounter\/bereadyforticks-sign-order-spanish\/","title":{"rendered":"#BeReadyForTicks ! &#8211; Firmar Orden"},"content":{"rendered":"\n<figure class=\"wp-block-image size-large is-resized is-style-default\"><img loading=\"lazy\" decoding=\"async\" src=\"https:\/\/web.uri.edu\/wp-content\/uploads\/sites\/1713\/Be-Ready-for-Ticks_Sign-Preorder_landing-page_web-1024x768.jpg\" alt=\"\" class=\"wp-image-23152\" width=\"1003\" height=\"753\" srcset=\"https:\/\/web.uri.edu\/tickencounter\/wp-content\/uploads\/sites\/1713\/Be-Ready-for-Ticks_Sign-Preorder_landing-page_web-1024x768.jpg 1024w, https:\/\/web.uri.edu\/tickencounter\/wp-content\/uploads\/sites\/1713\/Be-Ready-for-Ticks_Sign-Preorder_landing-page_web-300x225.jpg 300w, https:\/\/web.uri.edu\/tickencounter\/wp-content\/uploads\/sites\/1713\/Be-Ready-for-Ticks_Sign-Preorder_landing-page_web-768x576.jpg 768w, https:\/\/web.uri.edu\/tickencounter\/wp-content\/uploads\/sites\/1713\/Be-Ready-for-Ticks_Sign-Preorder_landing-page_web-364x273.jpg 364w, https:\/\/web.uri.edu\/tickencounter\/wp-content\/uploads\/sites\/1713\/Be-Ready-for-Ticks_Sign-Preorder_landing-page_web-500x375.jpg 500w, https:\/\/web.uri.edu\/tickencounter\/wp-content\/uploads\/sites\/1713\/Be-Ready-for-Ticks_Sign-Preorder_landing-page_web-1000x750.jpg 1000w, https:\/\/web.uri.edu\/tickencounter\/wp-content\/uploads\/sites\/1713\/Be-Ready-for-Ticks_Sign-Preorder_landing-page_web.jpg 1200w\" sizes=\"auto, (max-width: 1003px) 100vw, 1003px\" \/><\/figure>\n\n\n\n<h2 class=\"wp-block-heading\"><strong>Los letreros est\u00e1n impresos en paneles compuestos de aluminio y tienen una sola cara con orificios perforados de 3mm centrados en la parte superior e inferior<\/strong>.<\/h2>\n\n\n\n<figure class=\"wp-block-table\"><table><tbody><tr><td><strong>N\u00famero de letreros<\/strong><\/td><td><strong>Costo (gastos de env\u00edo incluidos)<\/strong><\/td><\/tr><tr><td>1 &#8211; 4 letreros<\/td><td>$40 por letrero<\/td><\/tr><tr><td>5 letreros<\/td><td>$180 en total<\/td><\/tr><tr><td>10 letreros<\/td><td>$350 en total<\/td><\/tr><tr><td>25 letreros<\/td><td>$800 en total<\/td><\/tr><tr><td>M\u00e1s de 25 letreros<\/td><td>P\u00f3ngase en contacto con nosotros<\/td><\/tr><\/tbody><\/table><\/figure>\n\n\n<a class=\"cl-button   prominent\" href=\"https:\/\/uri.estore.flywire.com\/products\/warning-tick-habitat-sign-31769\" title=\"\">orden de letreros<\/a>\n\n\n<p id=\"tw-target-text\">La compra de carteles permite innovar en nuestro enfoque de extensi\u00f3n de la salud p\u00fablica. Una idea que estamos desarrollando reinventa la forma en que aprendemos sobre las garrapatas y la protecci\u00f3n contra sus picaduras. Imag\u00ednese si aprender sobre las garrapatas fuera divertido&#8230; interesante&#8230; interactivo&#8230; \u00a1y a\u00fan as\u00ed informativo!<\/p>\n\n\n\n<div class=\"wp-block-columns is-layout-flex wp-container-core-columns-is-layout-9d6595d7 wp-block-columns-is-layout-flex\">\n<div class=\"wp-block-column is-layout-flow wp-block-column-is-layout-flow\" style=\"flex-basis:50%\">\n<figure class=\"wp-block-image is-resized is-style-default\"><img loading=\"lazy\" decoding=\"async\" src=\"https:\/\/web.uri.edu\/wp-content\/uploads\/sites\/1713\/Warning-Tick-Habitat-Sign_posted-on-kristen-deck_cropped1-1-786x1024.jpg\" alt=\"\" class=\"wp-image-23296\" width=\"388\" height=\"503\" \/><\/figure>\n<\/div>\n\n\n\n<div class=\"wp-block-column is-layout-flow wp-block-column-is-layout-flow\" style=\"flex-basis:50%\">\n<figure class=\"wp-block-image size-large is-style-default\"><img loading=\"lazy\" decoding=\"async\" width=\"1024\" height=\"907\" src=\"https:\/\/web.uri.edu\/wp-content\/uploads\/sites\/1713\/Be-ready-for-Ticks_Warning-Tick-Habitat_Woods-with-signs-with-BRT.jpg\" alt=\"\" class=\"wp-image-23318\" srcset=\"https:\/\/web.uri.edu\/tickencounter\/wp-content\/uploads\/sites\/1713\/Be-ready-for-Ticks_Warning-Tick-Habitat_Woods-with-signs-with-BRT.jpg 1024w, https:\/\/web.uri.edu\/tickencounter\/wp-content\/uploads\/sites\/1713\/Be-ready-for-Ticks_Warning-Tick-Habitat_Woods-with-signs-with-BRT-300x266.jpg 300w, https:\/\/web.uri.edu\/tickencounter\/wp-content\/uploads\/sites\/1713\/Be-ready-for-Ticks_Warning-Tick-Habitat_Woods-with-signs-with-BRT-768x680.jpg 768w, https:\/\/web.uri.edu\/tickencounter\/wp-content\/uploads\/sites\/1713\/Be-ready-for-Ticks_Warning-Tick-Habitat_Woods-with-signs-with-BRT-364x322.jpg 364w, https:\/\/web.uri.edu\/tickencounter\/wp-content\/uploads\/sites\/1713\/Be-ready-for-Ticks_Warning-Tick-Habitat_Woods-with-signs-with-BRT-500x443.jpg 500w, https:\/\/web.uri.edu\/tickencounter\/wp-content\/uploads\/sites\/1713\/Be-ready-for-Ticks_Warning-Tick-Habitat_Woods-with-signs-with-BRT-1000x886.jpg 1000w\" sizes=\"auto, (max-width: 1024px) 100vw, 1024px\" \/><\/figure>\n\n\n<a class=\"cl-button   prominent\" href=\"https:\/\/web.uri.edu\/tickencounter\/be-ready-for-ticks'southampton-spanish\" title=\"\">\u00a1VISITA Est\u00e9 lista para las garrapatas!<\/a><\/div>\n<\/div>\n\n\n<section class=\"cl-wrapper cl-boxout-wrapper\"><div class=\"cl-boxout  \"><h1>Se\u00f1ales de advertencia de h\u00e1bitat de garrapatas<\/h1>\n\n<h2 class=\"wp-block-heading\"><strong>Enriquezca las experiencias externas de su comunidad ayud\u00e1ndoles a evitar las picaduras de garrapatas y el riesgo de enfermedades graves<\/strong>.<\/h2>\n\n\n\n<p>Nuestro innovador letrero de advertencia de garrapatas con c\u00f3digo QR brinda acceso en cualquier momento a formas simples y pr\u00e1cticas de tomar medidas para prevenir las picaduras de garrapatas.&nbsp;Nuestro letrero din\u00e1mico e interactivo es el primer lanzamiento de nuestro programa \u00a1&nbsp;&nbsp;Prep\u00e1rate para las garrapatas&nbsp;!&nbsp;iniciativa, brindando a las personas un f\u00e1cil acceso a algunas acciones simples, convenientes y efectivas para tomar&#8230;<\/p>\n\n\n\n<ul class=\"wp-block-list\"><li><strong><strong>ahora mismo<\/strong>&nbsp;<\/strong><em>en senderos, zonas verdes, campamentos, parques para perros<\/em><\/li><li><strong><strong>cuando llegas a casa<\/strong><\/strong><em> de tu aventura al aire libre<\/em><\/li><li><strong><strong>si encuentras una garrapata<\/strong><\/strong><\/li><li><em><em>y&nbsp;<\/em><strong>antes de emprender tu pr\u00f3xima salida o aventura<\/strong><\/em><\/li><\/ul>\n\n\n\n<p><strong>\u2026 \u00a1<\/strong><strong>Prep\u00e1rate para las garrapatas<\/strong><em>!<\/em>&nbsp;proporciona a cualquier persona una gu\u00eda experta en tel\u00e9fonos movil &nbsp;y una fuente confiable de mejores pr\u00e1cticas actualizadas en la prevenci\u00f3n de picaduras de garrapatas para proteger a las personas de las picaduras de garrapatas. &nbsp;<\/p>\n\n\n\n<p>Esperamos que haga una inversi\u00f3n en salud para su comunidad.&nbsp;\u00a1\u00danase a nosotros para empoderar a los visitantes &nbsp;en su comunidad con las \u00faltimas acciones probadas y pr\u00e1cticas de prevenci\u00f3n de picaduras de garrapatas al pedir su letrero&nbsp;<em>de Advertencia de h\u00e1bitat&nbsp; de Garrapatas <\/em>hoy!<\/p>\n\n<\/div><\/section>\n\n\n<div class=\"wp-block-columns is-layout-flex wp-container-core-columns-is-layout-9d6595d7 wp-block-columns-is-layout-flex\">\n<div class=\"wp-block-column is-layout-flow wp-block-column-is-layout-flow\"><a class=\"cl-button   prominent\" href=\"https:\/\/web.uri.edu\/tickencounter\/be-ready-for-ticks'southampton-spanish\" title=\"\">\u00a1VISITA EST\u00c9 LISTA PARA LAS GARRAPATAS!<\/a><\/div>\n\n\n\n<div class=\"wp-block-column is-layout-flow wp-block-column-is-layout-flow\"><a class=\"cl-button   prominent\" href=\"https:\/\/web.uri.edu\/tickencounter\/contact\/\" title=\"\">Contacta con nosotros<\/a><\/div>\n<\/div>\n","protected":false},"excerpt":{"rendered":"<p>Los letreros est\u00e1n impresos en paneles compuestos de aluminio y tienen una sola cara con orificios perforados de 3mm centrados en la parte superior e inferior. N\u00famero de letreros Costo (gastos de env\u00edo incluidos) 1 &#8211; 4 letreros $40 por letrero 5 letreros $180 en total 10 letreros $350 en total 25 letreros $800 en [&hellip;]<\/p>\n","protected":false},"author":4045,"featured_media":0,"parent":0,"menu_order":0,"comment_status":"closed","ping_status":"closed","template":"","meta":{"_acf_changed":false,"footnotes":"","_links_to":"","_links_to_target":""},"class_list":["post-25239","page","type-page","status-publish","hentry"],"acf":[],"_links":{"self":[{"href":"https:\/\/web.uri.edu\/tickencounter\/wp-json\/wp\/v2\/pages\/25239","targetHints":{"allow":["GET"]}}],"collection":[{"href":"https:\/\/web.uri.edu\/tickencounter\/wp-json\/wp\/v2\/pages"}],"about":[{"href":"https:\/\/web.uri.edu\/tickencounter\/wp-json\/wp\/v2\/types\/page"}],"author":[{"embeddable":true,"href":"https:\/\/web.uri.edu\/tickencounter\/wp-json\/wp\/v2\/users\/4045"}],"replies":[{"embeddable":true,"href":"https:\/\/web.uri.edu\/tickencounter\/wp-json\/wp\/v2\/comments?post=25239"}],"version-history":[{"count":5,"href":"https:\/\/web.uri.edu\/tickencounter\/wp-json\/wp\/v2\/pages\/25239\/revisions"}],"predecessor-version":[{"id":25277,"href":"https:\/\/web.uri.edu\/tickencounter\/wp-json\/wp\/v2\/pages\/25239\/revisions\/25277"}],"wp:attachment":[{"href":"https:\/\/web.uri.edu\/tickencounter\/wp-json\/wp\/v2\/media?parent=25239"}],"curies":[{"name":"wp","href":"https:\/\/api.w.org\/{rel}","templated":true}]}}